{"id":15503,"date":"2021-04-28T17:37:19","date_gmt":"2021-04-28T17:37:19","guid":{"rendered":"https:\/\/www.theartofcontrol.fr\/?page_id=15503"},"modified":"2021-04-28T17:51:03","modified_gmt":"2021-04-28T17:51:03","slug":"bio","status":"publish","type":"page","link":"https:\/\/www.theartofcontrol.fr\/en\/bio\/","title":{"rendered":"Bio"},"content":{"rendered":"<p>Joseph Hubertus Pilates (1880 &#8211; 1967) , l&#8217;inventeur de la M\u00e9thode Pilates, est un enfant ch\u00e9tif, souffrant de rachitisme, d&#8217;asthme, et de rhumatisme articulaire. Afin de retrouver la sant\u00e9, aid\u00e9 par une m\u00e8re naturopathe et un p\u00e8re gymnaste, il se met \u00e0 \u00e9tudier l\u2019anatomie.<\/p>\n\n\n\n<p>Il imagine alors que la sant\u00e9 mentale et physique sont reli\u00e9es, et \u00e9tudie des disciplines \u00e0 l&#8217;\u00e9poque tr\u00e8s exotiques telles que le yoga , les arts martiaux mais aussi la gymnastique et la boxe, incorporant \u00e9galement des formes grecques et romaines anciennes d&#8217;exercices physiques. Il est persuad\u00e9 que le style de vie \u00ab moderne \u00bb (mauvaise posture, respiration incorrecte, exercices ignorant les muscles posturaux&#8230;) est un \u00e9l\u00e9ment qui participe \u00e0 une sant\u00e9 fragile.<\/p>\n\n\n\n<p>Joseph d\u00e9m\u00e9nage en 1912 en Angleterre o\u00f9 il boxe professionnellement, et enseigne l&#8217;auto-d\u00e9fense dans les \u00e9coles de police et \u00e0 Scotland Yard.<\/p>\n\n\n\n<p>Fait prisonnier pendant la guerre dans un camp d\u2019internement, c\u2019est l\u00e0 qu&#8217;il d\u00e9veloppe le concept de ses \u00ab machines&#8221;, r\u00e9alisant l&#8217;efficacit\u00e9 qu&#8217;il pourrait en obtenir.<\/p>\n\n\n\n<p>En 1926 il part pour New York et fonde avec sa femme Clara leur premier studio de Pilates, o\u00f9 il&nbsp;enseigne sa m\u00e9thode de conditionnement physique qu&#8217;ils appellent alors \u00ab La Contrology \u00bb.<\/p>\n\n\n\n<p>Nombre de fervents adeptes suivent cette m\u00e9thode alors r\u00e9volutionnaire, qui met l&#8217;accent sur la respiration dans l&#8217;exercice, et un accord entre le mental et le physique dans la&nbsp;pratique. Les sportifs deviennent adeptes du Pilates, celui-ci leur permettant une r\u00e9\u00e9ducation acc\u00e9l\u00e9r\u00e9e des diverses blessures inh\u00e9rentes \u00e0 leur travail, et \u00e9galement de se renforcer.<\/p>\n\n\n\n<p>Danseurs et chor\u00e9graphes l\u00e9gendaires, Martha Graham et George Balanchine, sont tous deux des inconditionnels du Pilates et envoient r\u00e9guli\u00e8rement leurs \u00e9l\u00e8ves au studio de \u00ab Uncle Joe \u00bb.<\/p>\n\n\n\n<p>Le studio Pilates devient rapidement l\u2019endroit le plus pris\u00e9 de New York pour se remettre en forme et attire sportifs, c\u00e9l\u00e9brit\u00e9s, show-biz..<br>En 1941, Romana Krysanowska danseuse, se blesse \u00e0 la cheville et, suite \u00e0 un conseil de George Balanchine, \u00e9tudie et se r\u00e9\u00e9duque avec Joseph Pilates. Impressionn\u00e9e par les r\u00e9sultats obtenus, elle d\u00e9cide d\u2019\u00e9tudier avec Joseph Pilates . Elle restera \u00e0 ses c\u00f4t\u00e9s jusqu\u2019\u00e0 la mort de celui ci en 1967.<\/p>\n\n\n\n<p>Il d\u00e9c\u00e8de accidentellement \u00e0 l\u2019\u00e2ge de 87 ans .<br>Romana ayant \u00e9t\u00e9 personnellement d\u00e9sign\u00e9e par Joseph Pilates pour continuer \u00e0 enseigner et transmettre la m\u00e9thode, elle formera des dizaines de professeurs dans le monde entier jusqu\u2019\u00e0 son d\u00e9c\u00e8s en 2013 .<\/p>\n\n\n\n<p>C\u2019est sa fille Sari Mejia Santo qui a \u00e9galement \u00e9tudi\u00e9 avec Joseph Pilates depuis son plus jeune \u00e2ge, qui continue aujourd\u2019hui \u00e0 faire vivre l\u2019authentique m\u00e9thode.<\/p>\n\n\n\n<p><strong><u>Les professeurs certifi\u00e9s par la m\u00e9thode Romana\u2019s Pilates sont donc les garants de la m\u00e9thode originelle.<\/u><\/strong><\/p>\n\n<!--themify_builder_content-->\n<div id=\"themify_builder_content-15503\" data-postid=\"15503\" class=\"themify_builder_content themify_builder_content-15503 themify_builder tf_clear\">\n    <\/div>\n<!--\/themify_builder_content-->","protected":false},"excerpt":{"rendered":"<p>Joseph Hubertus Pilates (1880 &#8211; 1967) , l&#8217;inventeur de la M\u00e9thode Pilates, est un enfant ch\u00e9tif, souffrant de rachitisme, d&#8217;asthme, et de rhumatisme articulaire. Afin de retrouver la sant\u00e9, aid\u00e9 par une m\u00e8re naturopathe et un p\u00e8re gymnaste, il se met \u00e0 \u00e9tudier l\u2019anatomie. Il imagine alors que la sant\u00e9 mentale et physique sont reli\u00e9es, [&hellip;]<\/p>\n","protected":false},"author":13,"featured_media":0,"parent":0,"menu_order":0,"comment_status":"closed","ping_status":"closed","template":"","meta":[],"yoast_head":"<!-- This site is optimized with the Yoast SEO plugin v20.10 - https:\/\/yoast.com\/wordpress\/plugins\/seo\/ -->\n<title>Bio - THE ART OF CONTROL<\/title>\n<meta name=\"robots\" content=\"index, follow, max-snippet:-1, max-image-preview:large, max-video-preview:-1\" \/>\n<link rel=\"canonical\" href=\"https:\/\/www.theartofcontrol.fr\/en\/bio\/\" \/>\n<meta property=\"og:locale\" content=\"en_US\" \/>\n<meta property=\"og:type\" content=\"article\" \/>\n<meta property=\"og:title\" content=\"Bio - THE ART OF CONTROL\" \/>\n<meta property=\"og:description\" content=\"Joseph Hubertus Pilates (1880 &#8211; 1967) , l&#8217;inventeur de la M\u00e9thode Pilates, est un enfant ch\u00e9tif, souffrant de rachitisme, d&#8217;asthme, et de rhumatisme articulaire. Afin de retrouver la sant\u00e9, aid\u00e9 par une m\u00e8re naturopathe et un p\u00e8re gymnaste, il se met \u00e0 \u00e9tudier l\u2019anatomie. Il imagine alors que la sant\u00e9 mentale et physique sont reli\u00e9es, [&hellip;]\" \/>\n<meta property=\"og:url\" content=\"https:\/\/www.theartofcontrol.fr\/en\/bio\/\" \/>\n<meta property=\"og:site_name\" content=\"THE ART OF CONTROL\" \/>\n<meta property=\"article:publisher\" content=\"https:\/\/www.facebook.com\/lechommerces.fr\/\" \/>\n<meta property=\"article:modified_time\" content=\"2021-04-28T17:51:03+00:00\" \/>\n<meta name=\"twitter:card\" content=\"summary_large_image\" \/>\n<meta name=\"twitter:label1\" content=\"Est. reading time\" \/>\n\t<meta name=\"twitter:data1\" content=\"2 minutes\" \/>\n<script type=\"application\/ld+json\" class=\"yoast-schema-graph\">{\"@context\":\"https:\/\/schema.org\",\"@graph\":[{\"@type\":\"WebPage\",\"@id\":\"https:\/\/www.theartofcontrol.fr\/en\/bio\/\",\"url\":\"https:\/\/www.theartofcontrol.fr\/en\/bio\/\",\"name\":\"Bio - THE ART OF CONTROL\",\"isPartOf\":{\"@id\":\"https:\/\/www.theartofcontrol.fr\/#website\"},\"datePublished\":\"2021-04-28T17:37:19+00:00\",\"dateModified\":\"2021-04-28T17:51:03+00:00\",\"breadcrumb\":{\"@id\":\"https:\/\/www.theartofcontrol.fr\/en\/bio\/#breadcrumb\"},\"inLanguage\":\"en-US\",\"potentialAction\":[{\"@type\":\"ReadAction\",\"target\":[\"https:\/\/www.theartofcontrol.fr\/en\/bio\/\"]}]},{\"@type\":\"BreadcrumbList\",\"@id\":\"https:\/\/www.theartofcontrol.fr\/en\/bio\/#breadcrumb\",\"itemListElement\":[{\"@type\":\"ListItem\",\"position\":1,\"name\":\"Accueil\",\"item\":\"https:\/\/www.theartofcontrol.fr\/en\/\"},{\"@type\":\"ListItem\",\"position\":2,\"name\":\"Bio\"}]},{\"@type\":\"WebSite\",\"@id\":\"https:\/\/www.theartofcontrol.fr\/#website\",\"url\":\"https:\/\/www.theartofcontrol.fr\/\",\"name\":\"THE ART OF CONTROL\",\"description\":\"\",\"potentialAction\":[{\"@type\":\"SearchAction\",\"target\":{\"@type\":\"EntryPoint\",\"urlTemplate\":\"https:\/\/www.theartofcontrol.fr\/?s={search_term_string}\"},\"query-input\":\"required name=search_term_string\"}],\"inLanguage\":\"en-US\"}]}<\/script>\n<!-- \/ Yoast SEO plugin. -->","yoast_head_json":{"title":"Bio - THE ART OF CONTROL","robots":{"index":"index","follow":"follow","max-snippet":"max-snippet:-1","max-image-preview":"max-image-preview:large","max-video-preview":"max-video-preview:-1"},"canonical":"https:\/\/www.theartofcontrol.fr\/en\/bio\/","og_locale":"en_US","og_type":"article","og_title":"Bio - THE ART OF CONTROL","og_description":"Joseph Hubertus Pilates (1880 &#8211; 1967) , l&#8217;inventeur de la M\u00e9thode Pilates, est un enfant ch\u00e9tif, souffrant de rachitisme, d&#8217;asthme, et de rhumatisme articulaire. Afin de retrouver la sant\u00e9, aid\u00e9 par une m\u00e8re naturopathe et un p\u00e8re gymnaste, il se met \u00e0 \u00e9tudier l\u2019anatomie. Il imagine alors que la sant\u00e9 mentale et physique sont reli\u00e9es, [&hellip;]","og_url":"https:\/\/www.theartofcontrol.fr\/en\/bio\/","og_site_name":"THE ART OF CONTROL","article_publisher":"https:\/\/www.facebook.com\/lechommerces.fr\/","article_modified_time":"2021-04-28T17:51:03+00:00","twitter_card":"summary_large_image","twitter_misc":{"Est. reading time":"2 minutes"},"schema":{"@context":"https:\/\/schema.org","@graph":[{"@type":"WebPage","@id":"https:\/\/www.theartofcontrol.fr\/en\/bio\/","url":"https:\/\/www.theartofcontrol.fr\/en\/bio\/","name":"Bio - THE ART OF CONTROL","isPartOf":{"@id":"https:\/\/www.theartofcontrol.fr\/#website"},"datePublished":"2021-04-28T17:37:19+00:00","dateModified":"2021-04-28T17:51:03+00:00","breadcrumb":{"@id":"https:\/\/www.theartofcontrol.fr\/en\/bio\/#breadcrumb"},"inLanguage":"en-US","potentialAction":[{"@type":"ReadAction","target":["https:\/\/www.theartofcontrol.fr\/en\/bio\/"]}]},{"@type":"BreadcrumbList","@id":"https:\/\/www.theartofcontrol.fr\/en\/bio\/#breadcrumb","itemListElement":[{"@type":"ListItem","position":1,"name":"Accueil","item":"https:\/\/www.theartofcontrol.fr\/en\/"},{"@type":"ListItem","position":2,"name":"Bio"}]},{"@type":"WebSite","@id":"https:\/\/www.theartofcontrol.fr\/#website","url":"https:\/\/www.theartofcontrol.fr\/","name":"THE ART OF CONTROL","description":"","potentialAction":[{"@type":"SearchAction","target":{"@type":"EntryPoint","urlTemplate":"https:\/\/www.theartofcontrol.fr\/?s={search_term_string}"},"query-input":"required name=search_term_string"}],"inLanguage":"en-US"}]}},"builder_content":"","_links":{"self":[{"href":"https:\/\/www.theartofcontrol.fr\/en\/wp-json\/wp\/v2\/pages\/15503"}],"collection":[{"href":"https:\/\/www.theartofcontrol.fr\/en\/wp-json\/wp\/v2\/pages"}],"about":[{"href":"https:\/\/www.theartofcontrol.fr\/en\/wp-json\/wp\/v2\/types\/page"}],"author":[{"embeddable":true,"href":"https:\/\/www.theartofcontrol.fr\/en\/wp-json\/wp\/v2\/users\/13"}],"replies":[{"embeddable":true,"href":"https:\/\/www.theartofcontrol.fr\/en\/wp-json\/wp\/v2\/comments?post=15503"}],"version-history":[{"count":2,"href":"https:\/\/www.theartofcontrol.fr\/en\/wp-json\/wp\/v2\/pages\/15503\/revisions"}],"predecessor-version":[{"id":15505,"href":"https:\/\/www.theartofcontrol.fr\/en\/wp-json\/wp\/v2\/pages\/15503\/revisions\/15505"}],"wp:attachment":[{"href":"https:\/\/www.theartofcontrol.fr\/en\/wp-json\/wp\/v2\/media?parent=15503"}],"curies":[{"name":"wp","href":"https:\/\/api.w.org\/{rel}","templated":true}]}}