{"id":16405,"date":"2016-08-25T11:03:20","date_gmt":"2016-08-25T11:03:20","guid":{"rendered":"https:\/\/www.theartofcontrol.fr\/le-studio\/"},"modified":"2023-07-18T14:03:50","modified_gmt":"2023-07-18T14:03:50","slug":"el-estudio","status":"publish","type":"page","link":"https:\/\/www.theartofcontrol.fr\/es\/el-estudio\/","title":{"rendered":"El estudio"},"content":{"rendered":"<p>[vc_row][vc_column][vc_column_text]<\/p>\n<!--themify_builder_content-->\n<div id=\"themify_builder_content-16405\" data-postid=\"16405\" class=\"themify_builder_content themify_builder_content-16405 themify_builder tf_clear\">\n    \t\t\t<!-- module_row -->\n\t<div  data-lazy=\"1\" class=\"module_row themify_builder_row tb_z53i826 tb_first tf_w tf_clearfix\">\n\t    \t\t\t<div class=\"row_inner col_align_top tb_col_count_1 tf_box tf_rel\">\n\t\t            <div  data-lazy=\"1\" class=\"module_column tb-column col-full tb_gya7827 first\">\n                                                        <div class=\"tb-column-inner tf_box tf_w\">\n                        <!-- module text -->\n<div  class=\"module module-text tb_zun4113   \" data-lazy=\"1\">\n        <div  class=\"tb_text_wrap\">\n    <div class=\"vc_row wpb_row vc_row-fluid\">\n<div class=\"wpb_column vc_column_container vc_col-sm-12\">\n<div class=\"vc_column-inner\">\n<div class=\"wpb_wrapper\">\n<div class=\"wpb_text_column wpb_content_element \">\n<div class=\"wpb_wrapper\">\n<h1 style=\"text-align: center;\"><span class=\"HwtZe\" lang=\"es\"><span class=\"jCAhz ChMk0b\"><span class=\"ryNqvb\">El estudio en Cagnes-sur-Mer y nuestro equipo de Pilates:<\/span><\/span><\/span><\/h1>\n<p style=\"text-align: center;\">El Centro de Pilates \u00ab The Art Of Control \u00bb propone un espacio grande y luminoso, climatizado y equipado con<br>material certificado por Gratz.<\/p>\n<p style=\"text-align: center;\">Idealmente situado en Cagnes- sur-mer, cerca de Niza, Saint-Laurent-du-Var, Villeuve Loubet, Antibes y Cannes.<\/p>\n<p style=\"text-align: center;\">Una ducha y una sauna est\u00e1n disponibles para prolongar ese momento de relajacion despu\u00e9s de la sesi\u00f3n de Pilates.<\/p>\n<p style=\"text-align: center;\">Igualmente se puede disfrutar de la terraza y desgustar un t\u00e9, un caf\u00e9 o una bebida refrescante.<\/p>\n<\/div>\n<\/div>\n<\/div>\n<\/div>\n<\/div>\n<\/div>    <\/div>\n<\/div>\n<!-- \/module text --><!-- module gallery -->\n<div  class=\"module gallery module-gallery tb_x800307 layout-grid  \" data-lazy=\"1\">\n    <div class=\"module-gallery-grid gallery-columns-2 tf_clear\">\n\t\t\t<dl class=\"gallery-item\">\n\t\t\t<dt class=\"gallery-icon\">\n\t\t\t<a data-title=\"\" title=\"\" href=\"https:\/\/www.theartofcontrol.fr\/wp-content\/uploads\/Le-nouveau-studio-pilates-a-cagnes-sur-mer.jpg\" data-rel=\"tb_x800307\" class=\"themify_lightbox\"><img src=\"https:\/\/www.theartofcontrol.fr\/wp-content\/uploads\/Le-nouveau-studio-pilates-a-cagnes-sur-mer.jpg\" class=\"wp-post-image wp-image-16320\" title=\"Le-nouveau-studio-pilates-\u00e0-cagnes-sur-mer\" alt=\"Le-nouveau-studio-pilates-\u00e0-cagnes-sur-mer\" srcset=\"https:\/\/www.theartofcontrol.fr\/wp-content\/uploads\/Le-nouveau-studio-pilates-a-cagnes-sur-mer.jpg 2000w, https:\/\/www.theartofcontrol.fr\/wp-content\/uploads\/Le-nouveau-studio-pilates-a-cagnes-sur-mer-1000x686.jpg 1000w, https:\/\/www.theartofcontrol.fr\/wp-content\/uploads\/Le-nouveau-studio-pilates-a-cagnes-sur-mer-768x526.jpg 768w, https:\/\/www.theartofcontrol.fr\/wp-content\/uploads\/Le-nouveau-studio-pilates-a-cagnes-sur-mer-1536x1053.jpg 1536w, https:\/\/www.theartofcontrol.fr\/wp-content\/uploads\/Le-nouveau-studio-pilates-a-cagnes-sur-mer-1000x686-291x200.jpg 291w\" sizes=\"(max-width: 2000px) 100vw, 2000px\" \/><\/a>\t\t\t<\/dt>\n\t\t\t<dd>\n\t\t\t\t\t\t\t\t\t\t\t<\/dd>\n\t\t<\/dl>\n\t\t\t<dl class=\"gallery-item\">\n\t\t\t<dt class=\"gallery-icon\">\n\t\t\t<a data-title=\"\" title=\"\" href=\"https:\/\/www.theartofcontrol.fr\/wp-content\/uploads\/Equipements-de-pilates.jpg\" data-rel=\"tb_x800307\" class=\"themify_lightbox\"><img src=\"https:\/\/www.theartofcontrol.fr\/wp-content\/uploads\/Equipements-de-pilates.jpg\" class=\"wp-post-image wp-image-16317\" title=\"Equipements-de-pilates\" alt=\"Equipements-de-pilates\" srcset=\"https:\/\/www.theartofcontrol.fr\/wp-content\/uploads\/Equipements-de-pilates.jpg 2000w, https:\/\/www.theartofcontrol.fr\/wp-content\/uploads\/Equipements-de-pilates-1000x667.jpg 1000w, https:\/\/www.theartofcontrol.fr\/wp-content\/uploads\/Equipements-de-pilates-768x512.jpg 768w, https:\/\/www.theartofcontrol.fr\/wp-content\/uploads\/Equipements-de-pilates-1536x1024.jpg 1536w, https:\/\/www.theartofcontrol.fr\/wp-content\/uploads\/Equipements-de-pilates-1000x667-300x200.jpg 300w, https:\/\/www.theartofcontrol.fr\/wp-content\/uploads\/Equipements-de-pilates-1000x667-299x200.jpg 299w\" sizes=\"(max-width: 2000px) 100vw, 2000px\" \/><\/a>\t\t\t<\/dt>\n\t\t\t<dd>\n\t\t\t\t\t\t\t\t\t\t\t<\/dd>\n\t\t<\/dl>\n\t\t\t<dl class=\"gallery-item\">\n\t\t\t<dt class=\"gallery-icon\">\n\t\t\t<a data-title=\"\" title=\"\" href=\"https:\/\/www.theartofcontrol.fr\/wp-content\/uploads\/Votre-studio-pilates-a-cote-de-Nice.jpg\" data-rel=\"tb_x800307\" class=\"themify_lightbox\"><img src=\"https:\/\/www.theartofcontrol.fr\/wp-content\/uploads\/Votre-studio-pilates-a-cote-de-Nice.jpg\" class=\"wp-post-image wp-image-16314\" title=\"Votre-studio-pilates-\u00e0-cot\u00e9-de-Nice\" alt=\"Votre-studio-pilates-\u00e0-cot\u00e9-de-Nice\" srcset=\"https:\/\/www.theartofcontrol.fr\/wp-content\/uploads\/Votre-studio-pilates-a-cote-de-Nice.jpg 2000w, https:\/\/www.theartofcontrol.fr\/wp-content\/uploads\/Votre-studio-pilates-a-cote-de-Nice-1000x668.jpg 1000w, https:\/\/www.theartofcontrol.fr\/wp-content\/uploads\/Votre-studio-pilates-a-cote-de-Nice-768x513.jpg 768w, https:\/\/www.theartofcontrol.fr\/wp-content\/uploads\/Votre-studio-pilates-a-cote-de-Nice-1536x1025.jpg 1536w, https:\/\/www.theartofcontrol.fr\/wp-content\/uploads\/Votre-studio-pilates-a-cote-de-Nice-1000x668-269x180.jpg 269w, https:\/\/www.theartofcontrol.fr\/wp-content\/uploads\/Votre-studio-pilates-a-cote-de-Nice-1000x668-300x200.jpg 300w, https:\/\/www.theartofcontrol.fr\/wp-content\/uploads\/Votre-studio-pilates-a-cote-de-Nice-1000x668-299x200.jpg 299w\" sizes=\"(max-width: 2000px) 100vw, 2000px\" \/><\/a>\t\t\t<\/dt>\n\t\t\t<dd>\n\t\t\t\t\t\t\t\t\t\t\t<\/dd>\n\t\t<\/dl>\n\t\t\t<dl class=\"gallery-item\">\n\t\t\t<dt class=\"gallery-icon\">\n\t\t\t<a data-title=\"\" title=\"\" href=\"https:\/\/www.theartofcontrol.fr\/wp-content\/uploads\/Le-studio-Pilates-The-Art-Of-Control-a-cagnes-sur-mer.jpg\" data-rel=\"tb_x800307\" class=\"themify_lightbox\"><img src=\"https:\/\/www.theartofcontrol.fr\/wp-content\/uploads\/Le-studio-Pilates-The-Art-Of-Control-a-cagnes-sur-mer.jpg\" class=\"wp-post-image wp-image-16309\" title=\"Le-studio-Pilates-The-Art-Of-Control-\u00e0-cagnes-sur-mer\" alt=\"Le-studio-Pilates-The-Art-Of-Control-\u00e0-cagnes-sur-mer\" srcset=\"https:\/\/www.theartofcontrol.fr\/wp-content\/uploads\/Le-studio-Pilates-The-Art-Of-Control-a-cagnes-sur-mer.jpg 2000w, https:\/\/www.theartofcontrol.fr\/wp-content\/uploads\/Le-studio-Pilates-The-Art-Of-Control-a-cagnes-sur-mer-1000x667.jpg 1000w, https:\/\/www.theartofcontrol.fr\/wp-content\/uploads\/Le-studio-Pilates-The-Art-Of-Control-a-cagnes-sur-mer-768x512.jpg 768w, https:\/\/www.theartofcontrol.fr\/wp-content\/uploads\/Le-studio-Pilates-The-Art-Of-Control-a-cagnes-sur-mer-1536x1024.jpg 1536w, https:\/\/www.theartofcontrol.fr\/wp-content\/uploads\/Le-studio-Pilates-The-Art-Of-Control-a-cagnes-sur-mer-1000x667-300x200.jpg 300w, https:\/\/www.theartofcontrol.fr\/wp-content\/uploads\/Le-studio-Pilates-The-Art-Of-Control-a-cagnes-sur-mer-1000x667-299x200.jpg 299w\" sizes=\"(max-width: 2000px) 100vw, 2000px\" \/><\/a>\t\t\t<\/dt>\n\t\t\t<dd>\n\t\t\t\t\t\t\t\t\t\t\t<\/dd>\n\t\t<\/dl>\n\t\t\t<dl class=\"gallery-item\">\n\t\t\t<dt class=\"gallery-icon\">\n\t\t\t<a data-title=\"\" title=\"\" href=\"https:\/\/www.theartofcontrol.fr\/wp-content\/uploads\/The-Art-of-control-Pilates-dans-les-alpes-maritimes.jpg\" data-rel=\"tb_x800307\" class=\"themify_lightbox\"><img src=\"https:\/\/www.theartofcontrol.fr\/wp-content\/uploads\/The-Art-of-control-Pilates-dans-les-alpes-maritimes.jpg\" class=\"wp-post-image wp-image-16321\" title=\"The-Art-of-control-Pilates-dans-les-alpes-maritimes\" alt=\"The-Art-of-control-Pilates-dans-les-alpes-maritimes\" srcset=\"https:\/\/www.theartofcontrol.fr\/wp-content\/uploads\/The-Art-of-control-Pilates-dans-les-alpes-maritimes.jpg 2000w, https:\/\/www.theartofcontrol.fr\/wp-content\/uploads\/The-Art-of-control-Pilates-dans-les-alpes-maritimes-1000x683.jpg 1000w, https:\/\/www.theartofcontrol.fr\/wp-content\/uploads\/The-Art-of-control-Pilates-dans-les-alpes-maritimes-768x525.jpg 768w, https:\/\/www.theartofcontrol.fr\/wp-content\/uploads\/The-Art-of-control-Pilates-dans-les-alpes-maritimes-1536x1049.jpg 1536w, https:\/\/www.theartofcontrol.fr\/wp-content\/uploads\/The-Art-of-control-Pilates-dans-les-alpes-maritimes-1000x683-292x200.jpg 292w\" sizes=\"(max-width: 2000px) 100vw, 2000px\" \/><\/a>\t\t\t<\/dt>\n\t\t\t<dd>\n\t\t\t\t\t\t\t\t\t\t\t<\/dd>\n\t\t<\/dl>\n\t\t\t<dl class=\"gallery-item\">\n\t\t\t<dt class=\"gallery-icon\">\n\t\t\t<a data-title=\"\" title=\"\" href=\"https:\/\/www.theartofcontrol.fr\/wp-content\/uploads\/Professeure-de-pilates-exprimentee.jpg\" data-rel=\"tb_x800307\" class=\"themify_lightbox\"><img src=\"https:\/\/www.theartofcontrol.fr\/wp-content\/uploads\/Professeure-de-pilates-exprimentee.jpg\" class=\"wp-post-image wp-image-16312\" title=\"Professeure-de-pilates-expriment\u00e9e\" alt=\"Professeure-de-pilates-expriment\u00e9e\" srcset=\"https:\/\/www.theartofcontrol.fr\/wp-content\/uploads\/Professeure-de-pilates-exprimentee.jpg 2000w, https:\/\/www.theartofcontrol.fr\/wp-content\/uploads\/Professeure-de-pilates-exprimentee-1000x667.jpg 1000w, https:\/\/www.theartofcontrol.fr\/wp-content\/uploads\/Professeure-de-pilates-exprimentee-768x512.jpg 768w, https:\/\/www.theartofcontrol.fr\/wp-content\/uploads\/Professeure-de-pilates-exprimentee-1536x1024.jpg 1536w, https:\/\/www.theartofcontrol.fr\/wp-content\/uploads\/Professeure-de-pilates-exprimentee-1000x667-300x200.jpg 300w, https:\/\/www.theartofcontrol.fr\/wp-content\/uploads\/Professeure-de-pilates-exprimentee-1000x667-299x200.jpg 299w\" sizes=\"(max-width: 2000px) 100vw, 2000px\" \/><\/a>\t\t\t<\/dt>\n\t\t\t<dd>\n\t\t\t\t\t\t\t\t\t\t\t<\/dd>\n\t\t<\/dl>\n\t\t\t<dl class=\"gallery-item\">\n\t\t\t<dt class=\"gallery-icon\">\n\t\t\t<a data-title=\"\" title=\"\" href=\"https:\/\/www.theartofcontrol.fr\/wp-content\/uploads\/Des-cours-de-pilates-sur-mesure-dans-les-alpes-maritimes.jpg\" data-rel=\"tb_x800307\" class=\"themify_lightbox\"><img src=\"https:\/\/www.theartofcontrol.fr\/wp-content\/uploads\/Des-cours-de-pilates-sur-mesure-dans-les-alpes-maritimes.jpg\" class=\"wp-post-image wp-image-16316\" title=\"Des-cours-de-pilates-sur-mesure-dans-les-alpes-maritimes\" alt=\"Des-cours-de-pilates-sur-mesure-dans-les-alpes-maritimes\" srcset=\"https:\/\/www.theartofcontrol.fr\/wp-content\/uploads\/Des-cours-de-pilates-sur-mesure-dans-les-alpes-maritimes.jpg 2000w, https:\/\/www.theartofcontrol.fr\/wp-content\/uploads\/Des-cours-de-pilates-sur-mesure-dans-les-alpes-maritimes-1000x667.jpg 1000w, https:\/\/www.theartofcontrol.fr\/wp-content\/uploads\/Des-cours-de-pilates-sur-mesure-dans-les-alpes-maritimes-768x512.jpg 768w, https:\/\/www.theartofcontrol.fr\/wp-content\/uploads\/Des-cours-de-pilates-sur-mesure-dans-les-alpes-maritimes-1536x1024.jpg 1536w, https:\/\/www.theartofcontrol.fr\/wp-content\/uploads\/Des-cours-de-pilates-sur-mesure-dans-les-alpes-maritimes-1000x667-300x200.jpg 300w, https:\/\/www.theartofcontrol.fr\/wp-content\/uploads\/Des-cours-de-pilates-sur-mesure-dans-les-alpes-maritimes-1000x667-299x200.jpg 299w\" sizes=\"(max-width: 2000px) 100vw, 2000px\" \/><\/a>\t\t\t<\/dt>\n\t\t\t<dd>\n\t\t\t\t\t\t\t\t\t\t\t<\/dd>\n\t\t<\/dl>\n\t\t\t<dl class=\"gallery-item\">\n\t\t\t<dt class=\"gallery-icon\">\n\t\t\t<a data-title=\"\" title=\"\" href=\"https:\/\/www.theartofcontrol.fr\/wp-content\/uploads\/Laccueil-du-studio-pilates-The-Art-Of-Control.jpg\" data-rel=\"tb_x800307\" class=\"themify_lightbox\"><img src=\"https:\/\/www.theartofcontrol.fr\/wp-content\/uploads\/Laccueil-du-studio-pilates-The-Art-Of-Control.jpg\" class=\"wp-post-image wp-image-16319\" title=\"L&#039;accueil-du-studio-pilates-The-Art-Of-Control\" alt=\"L&#039;accueil-du-studio-pilates-The-Art-Of-Control\" srcset=\"https:\/\/www.theartofcontrol.fr\/wp-content\/uploads\/Laccueil-du-studio-pilates-The-Art-Of-Control.jpg 1333w, https:\/\/www.theartofcontrol.fr\/wp-content\/uploads\/Laccueil-du-studio-pilates-The-Art-Of-Control-667x1000.jpg 667w, https:\/\/www.theartofcontrol.fr\/wp-content\/uploads\/Laccueil-du-studio-pilates-The-Art-Of-Control-768x1152.jpg 768w, https:\/\/www.theartofcontrol.fr\/wp-content\/uploads\/Laccueil-du-studio-pilates-The-Art-Of-Control-1024x1536.jpg 1024w, https:\/\/www.theartofcontrol.fr\/wp-content\/uploads\/Laccueil-du-studio-pilates-The-Art-Of-Control-667x1000-133x200.jpg 133w\" sizes=\"(max-width: 1333px) 100vw, 1333px\" \/><\/a>\t\t\t<\/dt>\n\t\t\t<dd>\n\t\t\t\t\t\t\t\t\t\t\t<\/dd>\n\t\t<\/dl>\n\t\t\t<dl class=\"gallery-item\">\n\t\t\t<dt class=\"gallery-icon\">\n\t\t\t<a data-title=\"\" title=\"\" href=\"https:\/\/www.theartofcontrol.fr\/wp-content\/uploads\/Prendre-des-cours-de-pilates.jpg\" data-rel=\"tb_x800307\" class=\"themify_lightbox\"><img src=\"https:\/\/www.theartofcontrol.fr\/wp-content\/uploads\/Prendre-des-cours-de-pilates.jpg\" class=\"wp-post-image wp-image-16311\" title=\"Prendre-des-cours-de-pilates\" alt=\"Prendre-des-cours-de-pilates\" srcset=\"https:\/\/www.theartofcontrol.fr\/wp-content\/uploads\/Prendre-des-cours-de-pilates.jpg 1333w, https:\/\/www.theartofcontrol.fr\/wp-content\/uploads\/Prendre-des-cours-de-pilates-667x1000.jpg 667w, https:\/\/www.theartofcontrol.fr\/wp-content\/uploads\/Prendre-des-cours-de-pilates-768x1152.jpg 768w, https:\/\/www.theartofcontrol.fr\/wp-content\/uploads\/Prendre-des-cours-de-pilates-1024x1536.jpg 1024w, https:\/\/www.theartofcontrol.fr\/wp-content\/uploads\/Prendre-des-cours-de-pilates-667x1000-133x200.jpg 133w\" sizes=\"(max-width: 1333px) 100vw, 1333px\" \/><\/a>\t\t\t<\/dt>\n\t\t\t<dd>\n\t\t\t\t\t\t\t\t\t\t\t<\/dd>\n\t\t<\/dl>\n\t<\/div>\n<\/div>\n<!-- \/module gallery -->                    <\/div><!-- .tb-column-inner -->\n                            <\/div><!-- .module_column -->\n            \t    <\/div><!-- .row_inner -->\n\t<\/div><!-- .module_row -->\n\t<\/div>\n<!--\/themify_builder_content-->\n<p>[\/vc_column_text][\/vc_column][\/vc_row]<\/p>","protected":false},"excerpt":{"rendered":"<p>[vc_row][vc_column][vc_column_text] El estudio en Cagnes-sur-Mer y nuestro equipo de Pilates: El Centro de Pilates \u00ab The Art Of Control \u00bb propone un espacio grande y luminoso, climatizado y equipado con material certificado por Gratz. Idealmente situado en Cagnes- sur-mer, cerca de Niza, Saint-Laurent-du-Var, Villeuve Loubet, Antibes y Cannes. Una ducha y una sauna est\u00e1n disponibles [&hellip;]<\/p>\n","protected":false},"author":12,"featured_media":0,"parent":0,"menu_order":0,"comment_status":"closed","ping_status":"closed","template":"","meta":[],"yoast_head":"<!-- This site is optimized with the Yoast SEO plugin v20.10 - https:\/\/yoast.com\/wordpress\/plugins\/seo\/ -->\n<title>El estudio - THE ART OF CONTROL<\/title>\n<meta name=\"robots\" content=\"index, follow, max-snippet:-1, max-image-preview:large, max-video-preview:-1\" \/>\n<link rel=\"canonical\" href=\"https:\/\/www.theartofcontrol.fr\/es\/el-estudio\/\" \/>\n<meta property=\"og:locale\" content=\"es_ES\" \/>\n<meta property=\"og:type\" content=\"article\" \/>\n<meta property=\"og:title\" content=\"El estudio - THE ART OF CONTROL\" \/>\n<meta property=\"og:description\" content=\"[vc_row][vc_column][vc_column_text] El estudio en Cagnes-sur-Mer y nuestro equipo de Pilates: El Centro de Pilates \u00ab The Art Of Control \u00bb propone un espacio grande y luminoso, climatizado y equipado con material certificado por Gratz. Idealmente situado en Cagnes- sur-mer, cerca de Niza, Saint-Laurent-du-Var, Villeuve Loubet, Antibes y Cannes. Una ducha y una sauna est\u00e1n disponibles [&hellip;]\" \/>\n<meta property=\"og:url\" content=\"https:\/\/www.theartofcontrol.fr\/es\/el-estudio\/\" \/>\n<meta property=\"og:site_name\" content=\"THE ART OF CONTROL\" \/>\n<meta property=\"article:publisher\" content=\"https:\/\/www.facebook.com\/lechommerces.fr\/\" \/>\n<meta property=\"article:modified_time\" content=\"2023-07-18T14:03:50+00:00\" \/>\n<meta property=\"og:image\" content=\"https:\/\/www.theartofcontrol.fr\/wp-content\/uploads\/Le-nouveau-studio-pilates-a-cagnes-sur-mer.jpg\" \/>\n<meta name=\"twitter:card\" content=\"summary_large_image\" \/>\n<meta name=\"twitter:label1\" content=\"Tiempo de lectura\" \/>\n\t<meta name=\"twitter:data1\" content=\"1 minuto\" \/>\n<script type=\"application\/ld+json\" class=\"yoast-schema-graph\">{\"@context\":\"https:\/\/schema.org\",\"@graph\":[{\"@type\":\"WebPage\",\"@id\":\"https:\/\/www.theartofcontrol.fr\/es\/el-estudio\/\",\"url\":\"https:\/\/www.theartofcontrol.fr\/es\/el-estudio\/\",\"name\":\"El estudio - THE ART OF CONTROL\",\"isPartOf\":{\"@id\":\"https:\/\/www.theartofcontrol.fr\/#website\"},\"datePublished\":\"2016-08-25T11:03:20+00:00\",\"dateModified\":\"2023-07-18T14:03:50+00:00\",\"breadcrumb\":{\"@id\":\"https:\/\/www.theartofcontrol.fr\/es\/el-estudio\/#breadcrumb\"},\"inLanguage\":\"es\",\"potentialAction\":[{\"@type\":\"ReadAction\",\"target\":[\"https:\/\/www.theartofcontrol.fr\/es\/el-estudio\/\"]}]},{\"@type\":\"BreadcrumbList\",\"@id\":\"https:\/\/www.theartofcontrol.fr\/es\/el-estudio\/#breadcrumb\",\"itemListElement\":[{\"@type\":\"ListItem\",\"position\":1,\"name\":\"Accueil\",\"item\":\"https:\/\/www.theartofcontrol.fr\/es\/\"},{\"@type\":\"ListItem\",\"position\":2,\"name\":\"El estudio\"}]},{\"@type\":\"WebSite\",\"@id\":\"https:\/\/www.theartofcontrol.fr\/#website\",\"url\":\"https:\/\/www.theartofcontrol.fr\/\",\"name\":\"THE ART OF CONTROL\",\"description\":\"\",\"potentialAction\":[{\"@type\":\"SearchAction\",\"target\":{\"@type\":\"EntryPoint\",\"urlTemplate\":\"https:\/\/www.theartofcontrol.fr\/?s={search_term_string}\"},\"query-input\":\"required name=search_term_string\"}],\"inLanguage\":\"es\"}]}<\/script>\n<!-- \/ Yoast SEO plugin. -->","yoast_head_json":{"title":"El estudio - THE ART OF CONTROL","robots":{"index":"index","follow":"follow","max-snippet":"max-snippet:-1","max-image-preview":"max-image-preview:large","max-video-preview":"max-video-preview:-1"},"canonical":"https:\/\/www.theartofcontrol.fr\/es\/el-estudio\/","og_locale":"es_ES","og_type":"article","og_title":"El estudio - THE ART OF CONTROL","og_description":"[vc_row][vc_column][vc_column_text] El estudio en Cagnes-sur-Mer y nuestro equipo de Pilates: El Centro de Pilates \u00ab The Art Of Control \u00bb propone un espacio grande y luminoso, climatizado y equipado con material certificado por Gratz. Idealmente situado en Cagnes- sur-mer, cerca de Niza, Saint-Laurent-du-Var, Villeuve Loubet, Antibes y Cannes. Una ducha y una sauna est\u00e1n disponibles [&hellip;]","og_url":"https:\/\/www.theartofcontrol.fr\/es\/el-estudio\/","og_site_name":"THE ART OF CONTROL","article_publisher":"https:\/\/www.facebook.com\/lechommerces.fr\/","article_modified_time":"2023-07-18T14:03:50+00:00","og_image":[{"url":"https:\/\/www.theartofcontrol.fr\/wp-content\/uploads\/Le-nouveau-studio-pilates-a-cagnes-sur-mer.jpg"}],"twitter_card":"summary_large_image","twitter_misc":{"Tiempo de lectura":"1 minuto"},"schema":{"@context":"https:\/\/schema.org","@graph":[{"@type":"WebPage","@id":"https:\/\/www.theartofcontrol.fr\/es\/el-estudio\/","url":"https:\/\/www.theartofcontrol.fr\/es\/el-estudio\/","name":"El estudio - THE ART OF CONTROL","isPartOf":{"@id":"https:\/\/www.theartofcontrol.fr\/#website"},"datePublished":"2016-08-25T11:03:20+00:00","dateModified":"2023-07-18T14:03:50+00:00","breadcrumb":{"@id":"https:\/\/www.theartofcontrol.fr\/es\/el-estudio\/#breadcrumb"},"inLanguage":"es","potentialAction":[{"@type":"ReadAction","target":["https:\/\/www.theartofcontrol.fr\/es\/el-estudio\/"]}]},{"@type":"BreadcrumbList","@id":"https:\/\/www.theartofcontrol.fr\/es\/el-estudio\/#breadcrumb","itemListElement":[{"@type":"ListItem","position":1,"name":"Accueil","item":"https:\/\/www.theartofcontrol.fr\/es\/"},{"@type":"ListItem","position":2,"name":"El estudio"}]},{"@type":"WebSite","@id":"https:\/\/www.theartofcontrol.fr\/#website","url":"https:\/\/www.theartofcontrol.fr\/","name":"THE ART OF CONTROL","description":"","potentialAction":[{"@type":"SearchAction","target":{"@type":"EntryPoint","urlTemplate":"https:\/\/www.theartofcontrol.fr\/?s={search_term_string}"},"query-input":"required name=search_term_string"}],"inLanguage":"es"}]}},"builder_content":"<h1 style=\"text-align: center;\">El estudio en Cagnes-sur-Mer y nuestro equipo de Pilates:<\/h1> <p style=\"text-align: center;\">El Centro de Pilates \u00ab The Art Of Control \u00bb propone un espacio grande y luminoso, climatizado y equipado con<br>material certificado por Gratz.<\/p> <p style=\"text-align: center;\">Idealmente situado en Cagnes- sur-mer, cerca de Niza, Saint-Laurent-du-Var, Villeuve Loubet, Antibes y Cannes.<\/p> <p style=\"text-align: center;\">Una ducha y una sauna est\u00e1n disponibles para prolongar ese momento de relajacion despu\u00e9s de la sesi\u00f3n de Pilates.<\/p> <p style=\"text-align: center;\">Igualmente se puede disfrutar de la terraza y desgustar un t\u00e9, un caf\u00e9 o una bebida refrescante.<\/p>\n[gallery ids=\"15479,15476,15473,15468,15480,15471,15475,15478,15470\"]","_links":{"self":[{"href":"https:\/\/www.theartofcontrol.fr\/es\/wp-json\/wp\/v2\/pages\/16405"}],"collection":[{"href":"https:\/\/www.theartofcontrol.fr\/es\/wp-json\/wp\/v2\/pages"}],"about":[{"href":"https:\/\/www.theartofcontrol.fr\/es\/wp-json\/wp\/v2\/types\/page"}],"author":[{"embeddable":true,"href":"https:\/\/www.theartofcontrol.fr\/es\/wp-json\/wp\/v2\/users\/12"}],"replies":[{"embeddable":true,"href":"https:\/\/www.theartofcontrol.fr\/es\/wp-json\/wp\/v2\/comments?post=16405"}],"version-history":[{"count":4,"href":"https:\/\/www.theartofcontrol.fr\/es\/wp-json\/wp\/v2\/pages\/16405\/revisions"}],"predecessor-version":[{"id":16452,"href":"https:\/\/www.theartofcontrol.fr\/es\/wp-json\/wp\/v2\/pages\/16405\/revisions\/16452"}],"wp:attachment":[{"href":"https:\/\/www.theartofcontrol.fr\/es\/wp-json\/wp\/v2\/media?parent=16405"}],"curies":[{"name":"wp","href":"https:\/\/api.w.org\/{rel}","templated":true}]}}