{"id":16421,"date":"2016-08-25T11:07:46","date_gmt":"2016-08-25T11:07:46","guid":{"rendered":"https:\/\/www.theartofcontrol.fr\/votre-professeur\/"},"modified":"2024-06-11T15:56:18","modified_gmt":"2024-06-11T15:56:18","slug":"su-profesor","status":"publish","type":"page","link":"https:\/\/www.theartofcontrol.fr\/es\/su-profesor\/","title":{"rendered":"Su profesor"},"content":{"rendered":"<p><\/p>\n<!--themify_builder_content-->\n<div id=\"themify_builder_content-16421\" data-postid=\"16421\" class=\"themify_builder_content themify_builder_content-16421 themify_builder tf_clear\">\n    \t\t\t<!-- module_row -->\n\t<div  data-lazy=\"1\" class=\"module_row themify_builder_row tb_fz6s315 tb_first tf_w tf_clearfix\">\n\t    \t\t\t<div class=\"row_inner col_align_top tb_col_count_1 tf_box tf_rel\">\n\t\t            <div  data-lazy=\"1\" class=\"module_column tb-column col-full tb_jaoj316 first\">\n                                                        <div class=\"tb-column-inner tf_box tf_w\">\n                        <!-- module text -->\n<div  class=\"module module-text tb_camc300  repeat \" data-lazy=\"1\">\n        <div  class=\"tb_text_wrap\">\n    <h1>Su profesor<\/h1>    <\/div>\n<\/div>\n<!-- \/module text -->                    <\/div><!-- .tb-column-inner -->\n                            <\/div><!-- .module_column -->\n            \t    <\/div><!-- .row_inner -->\n\t<\/div><!-- .module_row -->\n\t\t\t\t<!-- module_row -->\n\t<div  data-lazy=\"1\" class=\"module_row themify_builder_row tb_wk78748 tf_w tf_clearfix\">\n\t    \t\t\t<div class=\"row_inner col_align_top tb_col_count_2 tf_box tf_rel\">\n\t\t            <div  data-lazy=\"1\" class=\"module_column tb-column col3-1 tb_wrv3749 first\">\n                                                        <div class=\"tb-column-inner tf_box tf_w\">\n                        <!-- module image -->\n<div  class=\"module module-image tb_e03u318   image-top tf_mw\" data-lazy=\"1\">\n        <div class=\"image-wrap tf_rel tf_mw\">\n\t\t    <img src=\"https:\/\/www.theartofcontrol.fr\/wp-content\/uploads\/MONKEY.jpg\" class=\"wp-post-image wp-image-16266\" title=\"MONKEY\" alt=\"MONKEY\" srcset=\"https:\/\/www.theartofcontrol.fr\/wp-content\/uploads\/MONKEY.jpg 1500w, https:\/\/www.theartofcontrol.fr\/wp-content\/uploads\/MONKEY-600x900.jpg 600w, https:\/\/www.theartofcontrol.fr\/wp-content\/uploads\/MONKEY-667x1000.jpg 667w, https:\/\/www.theartofcontrol.fr\/wp-content\/uploads\/MONKEY-768x1152.jpg 768w\" sizes=\"(max-width: 1500px) 100vw, 1500px\" \/>\t\n\t\t<\/div>\n\t<!-- \/image-wrap -->\n    \n    \t<\/div>\n<!-- \/module image -->                    <\/div><!-- .tb-column-inner -->\n                            <\/div><!-- .module_column -->\n                        <div  data-lazy=\"1\" class=\"module_column tb-column col3-2 tb_dxy5749 last\">\n                                                        <div class=\"tb-column-inner tf_box tf_w\">\n                        <!-- module text -->\n<div  class=\"module module-text tb_g1jq244   \" data-lazy=\"1\">\n        <div  class=\"tb_text_wrap\">\n    <p>Peggy te da la bienvenida en el seno de su Cetro Pilates \u00ab The Art Of Control \u00bb con el fin de compartir su pasi\u00f3n por el<br \/>Pilates y ayudarte a obtener una nueva figura.<\/p>    <\/div>\n<\/div>\n<!-- \/module text -->                    <\/div><!-- .tb-column-inner -->\n                            <\/div><!-- .module_column -->\n            \t    <\/div><!-- .row_inner -->\n\t<\/div><!-- .module_row -->\n\t\t\t\t<!-- module_row -->\n\t<div  data-lazy=\"1\" class=\"module_row themify_builder_row tb_214g454 tf_w tf_clearfix\">\n\t    \t\t\t<div class=\"row_inner col_align_top tb_col_count_1 tf_box tf_rel\">\n\t\t            <div  data-lazy=\"1\" class=\"module_column tb-column col-full tb_irtt454 first\">\n                                                        <div class=\"tb-column-inner tf_box tf_w\">\n                        <!-- module text -->\n<div  class=\"module module-text tb_q32u456  repeat \" data-lazy=\"1\">\n        <div  class=\"tb_text_wrap\">\n    <p style=\"text-align: center;\"><em>Titular de la certificacion Romana&#8217;s Pilates de Nueva York. Certificado de<br \/>Socorrismo PSC1. Certificado de cualificaci\u00f3n profesional de animador deportivo.<br \/>Formacion en fisiolog\u00eda de la postura y del movimiento, Anatom\u00eda biomec\u00e1nica<br \/>(M\u00e9todo GDS).<\/em><\/p>    <\/div>\n<\/div>\n<!-- \/module text -->                    <\/div><!-- .tb-column-inner -->\n                            <\/div><!-- .module_column -->\n            \t    <\/div><!-- .row_inner -->\n\t<\/div><!-- .module_row -->\n\t\t\t\t<!-- module_row -->\n\t<div  data-lazy=\"1\" class=\"module_row themify_builder_row tb_15fp80 tf_w tf_clearfix\">\n\t    \t\t\t<div class=\"row_inner col_align_top tb_col_count_1 tf_box tf_rel\">\n\t\t            <div  data-lazy=\"1\" class=\"module_column tb-column col-full tb_lgl681 first\">\n                                                        <div class=\"tb-column-inner tf_box tf_w\">\n                        <!-- module gallery -->\n<div  class=\"module gallery module-gallery tb_hhmu701 layout-grid  \" data-lazy=\"1\">\n    <div class=\"module-gallery-grid gallery-columns-2 tf_clear\">\n\t\t\t<dl class=\"gallery-item\">\n\t\t\t<dt class=\"gallery-icon\">\n\t\t\t<a data-title=\"\" title=\"\" href=\"https:\/\/www.theartofcontrol.fr\/wp-content\/uploads\/STOMACH.jpg\" data-rel=\"tb_hhmu701\" class=\"themify_lightbox\"><img src=\"https:\/\/www.theartofcontrol.fr\/wp-content\/uploads\/STOMACH-667x1000-333x500.jpg\" height=\"500\" class=\"wp-post-image wp-image-16274\" title=\"STOMACH\" alt=\"STOMACH\" srcset=\"https:\/\/www.theartofcontrol.fr\/wp-content\/uploads\/STOMACH-667x1000-333x500.jpg 333w, https:\/\/www.theartofcontrol.fr\/wp-content\/uploads\/STOMACH-600x900.jpg 600w, https:\/\/www.theartofcontrol.fr\/wp-content\/uploads\/STOMACH-667x1000.jpg 667w, https:\/\/www.theartofcontrol.fr\/wp-content\/uploads\/STOMACH-768x1152.jpg 768w, https:\/\/www.theartofcontrol.fr\/wp-content\/uploads\/STOMACH-667x1000-300x450.jpg 300w, https:\/\/www.theartofcontrol.fr\/wp-content\/uploads\/STOMACH-667x1000-200x300.jpg 200w, https:\/\/www.theartofcontrol.fr\/wp-content\/uploads\/STOMACH.jpg 1500w\" sizes=\"(max-width: 333px) 100vw, 333px\" \/><\/a>\t\t\t<\/dt>\n\t\t\t<dd>\n\t\t\t\t\t\t\t\t\t\t\t<\/dd>\n\t\t<\/dl>\n\t\t\t<dl class=\"gallery-item\">\n\t\t\t<dt class=\"gallery-icon\">\n\t\t\t<a data-title=\"\" title=\"\" href=\"https:\/\/www.theartofcontrol.fr\/wp-content\/uploads\/TOWER.jpg\" data-rel=\"tb_hhmu701\" class=\"themify_lightbox\"><img src=\"https:\/\/www.theartofcontrol.fr\/wp-content\/uploads\/TOWER-667x1000-333x500.jpg\" height=\"500\" class=\"wp-post-image wp-image-16277\" title=\"TOWER\" alt=\"TOWER\" srcset=\"https:\/\/www.theartofcontrol.fr\/wp-content\/uploads\/TOWER-667x1000-333x500.jpg 333w, https:\/\/www.theartofcontrol.fr\/wp-content\/uploads\/TOWER-600x900.jpg 600w, https:\/\/www.theartofcontrol.fr\/wp-content\/uploads\/TOWER-667x1000.jpg 667w, https:\/\/www.theartofcontrol.fr\/wp-content\/uploads\/TOWER-768x1152.jpg 768w, https:\/\/www.theartofcontrol.fr\/wp-content\/uploads\/TOWER-667x1000-300x450.jpg 300w, https:\/\/www.theartofcontrol.fr\/wp-content\/uploads\/TOWER-667x1000-200x300.jpg 200w, https:\/\/www.theartofcontrol.fr\/wp-content\/uploads\/TOWER.jpg 1500w\" sizes=\"(max-width: 333px) 100vw, 333px\" \/><\/a>\t\t\t<\/dt>\n\t\t\t<dd>\n\t\t\t\t\t\t\t\t\t\t\t<\/dd>\n\t\t<\/dl>\n\t\t\t<dl class=\"gallery-item\">\n\t\t\t<dt class=\"gallery-icon\">\n\t\t\t<a data-title=\"\" title=\"\" href=\"https:\/\/www.theartofcontrol.fr\/wp-content\/uploads\/A.O.C-165.jpg\" data-rel=\"tb_hhmu701\" class=\"themify_lightbox\"><img src=\"https:\/\/www.theartofcontrol.fr\/wp-content\/uploads\/A.O.C-165-1000x667-749x500.jpg\" height=\"500\" class=\"wp-post-image wp-image-16258\" title=\"A.O.C 165\" alt=\"A.O.C 165\" srcset=\"https:\/\/www.theartofcontrol.fr\/wp-content\/uploads\/A.O.C-165-1000x667-749x500.jpg 749w, https:\/\/www.theartofcontrol.fr\/wp-content\/uploads\/A.O.C-165-600x400.jpg 600w, https:\/\/www.theartofcontrol.fr\/wp-content\/uploads\/A.O.C-165-1000x667.jpg 1000w, https:\/\/www.theartofcontrol.fr\/wp-content\/uploads\/A.O.C-165-768x512.jpg 768w, https:\/\/www.theartofcontrol.fr\/wp-content\/uploads\/A.O.C-165-1000x667-300x200.jpg 300w, https:\/\/www.theartofcontrol.fr\/wp-content\/uploads\/A.O.C-165-1000x667-449x300.jpg 449w, https:\/\/www.theartofcontrol.fr\/wp-content\/uploads\/A.O.C-165.jpg 1500w\" sizes=\"(max-width: 749px) 100vw, 749px\" \/><\/a>\t\t\t<\/dt>\n\t\t\t<dd>\n\t\t\t\t\t\t\t\t\t\t\t<\/dd>\n\t\t<\/dl>\n\t\t\t<dl class=\"gallery-item\">\n\t\t\t<dt class=\"gallery-icon\">\n\t\t\t<a data-title=\"\" title=\"\" href=\"https:\/\/www.theartofcontrol.fr\/wp-content\/uploads\/MOI-CADILLAC.jpg\" data-rel=\"tb_hhmu701\" class=\"themify_lightbox\"><img src=\"https:\/\/www.theartofcontrol.fr\/wp-content\/uploads\/MOI-CADILLAC-667x1000-333x500.jpg\" height=\"500\" class=\"wp-post-image wp-image-16265\" title=\"MOI CADILLAC\" alt=\"MOI CADILLAC\" srcset=\"https:\/\/www.theartofcontrol.fr\/wp-content\/uploads\/MOI-CADILLAC-667x1000-333x500.jpg 333w, https:\/\/www.theartofcontrol.fr\/wp-content\/uploads\/MOI-CADILLAC-600x900.jpg 600w, https:\/\/www.theartofcontrol.fr\/wp-content\/uploads\/MOI-CADILLAC-667x1000.jpg 667w, https:\/\/www.theartofcontrol.fr\/wp-content\/uploads\/MOI-CADILLAC-768x1152.jpg 768w, https:\/\/www.theartofcontrol.fr\/wp-content\/uploads\/MOI-CADILLAC-667x1000-300x450.jpg 300w, https:\/\/www.theartofcontrol.fr\/wp-content\/uploads\/MOI-CADILLAC-667x1000-200x300.jpg 200w, https:\/\/www.theartofcontrol.fr\/wp-content\/uploads\/MOI-CADILLAC.jpg 1500w\" sizes=\"(max-width: 333px) 100vw, 333px\" \/><\/a>\t\t\t<\/dt>\n\t\t\t<dd>\n\t\t\t\t\t\t\t\t\t\t\t<\/dd>\n\t\t<\/dl>\n\t<\/div>\n<\/div>\n<!-- \/module gallery -->                    <\/div><!-- .tb-column-inner -->\n                            <\/div><!-- .module_column -->\n            \t    <\/div><!-- .row_inner -->\n\t<\/div><!-- .module_row -->\n\t<\/div>\n<!--\/themify_builder_content-->","protected":false},"excerpt":{"rendered":"","protected":false},"author":12,"featured_media":0,"parent":0,"menu_order":0,"comment_status":"closed","ping_status":"closed","template":"","meta":[],"yoast_head":"<!-- This site is optimized with the Yoast SEO plugin v20.10 - https:\/\/yoast.com\/wordpress\/plugins\/seo\/ -->\n<title>Su profesor - THE ART OF CONTROL<\/title>\n<meta name=\"robots\" content=\"index, follow, max-snippet:-1, max-image-preview:large, max-video-preview:-1\" \/>\n<link rel=\"canonical\" href=\"https:\/\/www.theartofcontrol.fr\/es\/su-profesor\/\" \/>\n<meta property=\"og:locale\" content=\"es_ES\" \/>\n<meta property=\"og:type\" content=\"article\" \/>\n<meta property=\"og:title\" content=\"Su profesor - THE ART OF CONTROL\" \/>\n<meta property=\"og:url\" content=\"https:\/\/www.theartofcontrol.fr\/es\/su-profesor\/\" \/>\n<meta property=\"og:site_name\" content=\"THE ART OF CONTROL\" \/>\n<meta property=\"article:publisher\" content=\"https:\/\/www.facebook.com\/lechommerces.fr\/\" \/>\n<meta property=\"article:modified_time\" content=\"2024-06-11T15:56:18+00:00\" \/>\n<meta name=\"twitter:card\" content=\"summary_large_image\" \/>\n<script type=\"application\/ld+json\" class=\"yoast-schema-graph\">{\"@context\":\"https:\/\/schema.org\",\"@graph\":[{\"@type\":\"WebPage\",\"@id\":\"https:\/\/www.theartofcontrol.fr\/es\/su-profesor\/\",\"url\":\"https:\/\/www.theartofcontrol.fr\/es\/su-profesor\/\",\"name\":\"Su profesor - THE ART OF CONTROL\",\"isPartOf\":{\"@id\":\"https:\/\/www.theartofcontrol.fr\/#website\"},\"datePublished\":\"2016-08-25T11:07:46+00:00\",\"dateModified\":\"2024-06-11T15:56:18+00:00\",\"breadcrumb\":{\"@id\":\"https:\/\/www.theartofcontrol.fr\/es\/su-profesor\/#breadcrumb\"},\"inLanguage\":\"es\",\"potentialAction\":[{\"@type\":\"ReadAction\",\"target\":[\"https:\/\/www.theartofcontrol.fr\/es\/su-profesor\/\"]}]},{\"@type\":\"BreadcrumbList\",\"@id\":\"https:\/\/www.theartofcontrol.fr\/es\/su-profesor\/#breadcrumb\",\"itemListElement\":[{\"@type\":\"ListItem\",\"position\":1,\"name\":\"Accueil\",\"item\":\"https:\/\/www.theartofcontrol.fr\/es\/\"},{\"@type\":\"ListItem\",\"position\":2,\"name\":\"Su profesor\"}]},{\"@type\":\"WebSite\",\"@id\":\"https:\/\/www.theartofcontrol.fr\/#website\",\"url\":\"https:\/\/www.theartofcontrol.fr\/\",\"name\":\"THE ART OF CONTROL\",\"description\":\"\",\"potentialAction\":[{\"@type\":\"SearchAction\",\"target\":{\"@type\":\"EntryPoint\",\"urlTemplate\":\"https:\/\/www.theartofcontrol.fr\/?s={search_term_string}\"},\"query-input\":\"required name=search_term_string\"}],\"inLanguage\":\"es\"}]}<\/script>\n<!-- \/ Yoast SEO plugin. -->","yoast_head_json":{"title":"Su profesor - THE ART OF CONTROL","robots":{"index":"index","follow":"follow","max-snippet":"max-snippet:-1","max-image-preview":"max-image-preview:large","max-video-preview":"max-video-preview:-1"},"canonical":"https:\/\/www.theartofcontrol.fr\/es\/su-profesor\/","og_locale":"es_ES","og_type":"article","og_title":"Su profesor - THE ART OF CONTROL","og_url":"https:\/\/www.theartofcontrol.fr\/es\/su-profesor\/","og_site_name":"THE ART OF CONTROL","article_publisher":"https:\/\/www.facebook.com\/lechommerces.fr\/","article_modified_time":"2024-06-11T15:56:18+00:00","twitter_card":"summary_large_image","schema":{"@context":"https:\/\/schema.org","@graph":[{"@type":"WebPage","@id":"https:\/\/www.theartofcontrol.fr\/es\/su-profesor\/","url":"https:\/\/www.theartofcontrol.fr\/es\/su-profesor\/","name":"Su profesor - THE ART OF CONTROL","isPartOf":{"@id":"https:\/\/www.theartofcontrol.fr\/#website"},"datePublished":"2016-08-25T11:07:46+00:00","dateModified":"2024-06-11T15:56:18+00:00","breadcrumb":{"@id":"https:\/\/www.theartofcontrol.fr\/es\/su-profesor\/#breadcrumb"},"inLanguage":"es","potentialAction":[{"@type":"ReadAction","target":["https:\/\/www.theartofcontrol.fr\/es\/su-profesor\/"]}]},{"@type":"BreadcrumbList","@id":"https:\/\/www.theartofcontrol.fr\/es\/su-profesor\/#breadcrumb","itemListElement":[{"@type":"ListItem","position":1,"name":"Accueil","item":"https:\/\/www.theartofcontrol.fr\/es\/"},{"@type":"ListItem","position":2,"name":"Su profesor"}]},{"@type":"WebSite","@id":"https:\/\/www.theartofcontrol.fr\/#website","url":"https:\/\/www.theartofcontrol.fr\/","name":"THE ART OF CONTROL","description":"","potentialAction":[{"@type":"SearchAction","target":{"@type":"EntryPoint","urlTemplate":"https:\/\/www.theartofcontrol.fr\/?s={search_term_string}"},"query-input":"required name=search_term_string"}],"inLanguage":"es"}]}},"builder_content":"<h1>Su profesor<\/h1>\n<img src=\"https:\/\/www.theartofcontrol.fr\/wp-content\/uploads\/MONKEY.jpg\" title=\"MONKEY\" alt=\"MONKEY\" srcset=\"https:\/\/www.theartofcontrol.fr\/wp-content\/uploads\/MONKEY.jpg 1500w, https:\/\/www.theartofcontrol.fr\/wp-content\/uploads\/MONKEY-600x900.jpg 600w, https:\/\/www.theartofcontrol.fr\/wp-content\/uploads\/MONKEY-667x1000.jpg 667w, https:\/\/www.theartofcontrol.fr\/wp-content\/uploads\/MONKEY-768x1152.jpg 768w\" sizes=\"(max-width: 1500px) 100vw, 1500px\" \/>\n<p>Peggy te da la bienvenida en el seno de su Cetro Pilates \u00ab The Art Of Control \u00bb con el fin de compartir su pasi\u00f3n por el<br \/>Pilates y ayudarte a obtener una nueva figura.<\/p>\n<p style=\"text-align: center;\"><em>Titular de la certificacion Romana's Pilates de Nueva York. Certificado de<br \/>Socorrismo PSC1. Certificado de cualificaci\u00f3n profesional de animador deportivo.<br \/>Formacion en fisiolog\u00eda de la postura y del movimiento, Anatom\u00eda biomec\u00e1nica<br \/>(M\u00e9todo GDS).<\/em><\/p>\n[gallery ids=\"15134,15137,15118,15125\"]","_links":{"self":[{"href":"https:\/\/www.theartofcontrol.fr\/es\/wp-json\/wp\/v2\/pages\/16421"}],"collection":[{"href":"https:\/\/www.theartofcontrol.fr\/es\/wp-json\/wp\/v2\/pages"}],"about":[{"href":"https:\/\/www.theartofcontrol.fr\/es\/wp-json\/wp\/v2\/types\/page"}],"author":[{"embeddable":true,"href":"https:\/\/www.theartofcontrol.fr\/es\/wp-json\/wp\/v2\/users\/12"}],"replies":[{"embeddable":true,"href":"https:\/\/www.theartofcontrol.fr\/es\/wp-json\/wp\/v2\/comments?post=16421"}],"version-history":[{"count":4,"href":"https:\/\/www.theartofcontrol.fr\/es\/wp-json\/wp\/v2\/pages\/16421\/revisions"}],"predecessor-version":[{"id":16453,"href":"https:\/\/www.theartofcontrol.fr\/es\/wp-json\/wp\/v2\/pages\/16421\/revisions\/16453"}],"wp:attachment":[{"href":"https:\/\/www.theartofcontrol.fr\/es\/wp-json\/wp\/v2\/media?parent=16421"}],"curies":[{"name":"wp","href":"https:\/\/api.w.org\/{rel}","templated":true}]}}