{"id":16430,"date":"2020-11-08T09:29:58","date_gmt":"2020-11-08T09:29:58","guid":{"rendered":"https:\/\/www.theartofcontrol.fr\/avis-et-temoignages-du-studio-pilate-the-art-of-control\/"},"modified":"2023-07-18T13:48:58","modified_gmt":"2023-07-18T13:48:58","slug":"opiniones","status":"publish","type":"page","link":"https:\/\/www.theartofcontrol.fr\/es\/opiniones\/","title":{"rendered":"Opiniones"},"content":{"rendered":"<!--themify_builder_content-->\n<div id=\"themify_builder_content-16430\" data-postid=\"16430\" class=\"themify_builder_content themify_builder_content-16430 themify_builder tf_clear\">\n    \t\t\t<!-- module_row -->\n\t<div  data-lazy=\"1\" class=\"module_row themify_builder_row tb_3utq504 tb_first tf_w tf_clearfix\">\n\t    \t\t\t<div class=\"row_inner col_align_top tb_col_count_3 tf_box tf_rel\">\n\t\t            <div  data-lazy=\"1\" class=\"module_column tb-column col3-1 tb_y7j0504 first\">\n                                                        <div class=\"tb-column-inner tf_box tf_w\">\n                        <!-- module text -->\n<div  class=\"module module-text tb_dphw382  repeat \" data-lazy=\"1\">\n        <div  class=\"tb_text_wrap\">\n    <h2 style=\"text-align: center;\">Cabinet Chiropratique Axelle Foucaud<\/h2>\n<p style=\"text-align: center;\">_____<\/p>\n<div class=\"section-review-metadata section-review-metadata-with-note\"><span class=\"section-review-stars\" role=\"img\" aria-label=\" 5\u00a0\u00e9toiles \"> <img decoding=\"async\" class=\"section-review-star section-review-star-active\" src=\"https:\/\/maps.gstatic.com\/consumer\/images\/icons\/2x\/ic_star_rate_14.png\" alt=\"\" \/><img decoding=\"async\" class=\"section-review-star section-review-star-active\" src=\"https:\/\/maps.gstatic.com\/consumer\/images\/icons\/2x\/ic_star_rate_14.png\" alt=\"\" \/><img decoding=\"async\" class=\"section-review-star section-review-star-active\" src=\"https:\/\/maps.gstatic.com\/consumer\/images\/icons\/2x\/ic_star_rate_14.png\" alt=\"\" \/><img decoding=\"async\" class=\"section-review-star section-review-star-active\" src=\"https:\/\/maps.gstatic.com\/consumer\/images\/icons\/2x\/ic_star_rate_14.png\" alt=\"\" \/><img decoding=\"async\" class=\"section-review-star section-review-star-active\" src=\"https:\/\/maps.gstatic.com\/consumer\/images\/icons\/2x\/ic_star_rate_14.png\" alt=\"\" \/>\u00a0<\/span><\/div>\n<div class=\"section-review-review-content\"><span class=\"section-review-text\">\u00a1Menudo equipo ! El pilates ha cambiado mi visi\u00f3n del cuerpo y del deporte. Much\u00edsimas gracias a todo el equipo por el<br \/>profesionalismo, su eficiencia y su buen humor. \u00a1Viva el centro \u00ab Art of Control \u00bb ! Como quiropr\u00e1ctico, recomiendo al<br \/>100% el Pilates&#8230;,\u00a1 pero no cualquiera1 Peggy y todo su equipo te dan la bienvenida para transformar profundamente tu<br \/>cuerpo.<\/span><\/div>    <\/div>\n<\/div>\n<!-- \/module text --><!-- module text -->\n<div  class=\"module module-text tb_w3ba194  repeat \" data-lazy=\"1\">\n        <div  class=\"tb_text_wrap\">\n    <h2 style=\"text-align: center;\">Catherine Bernaz<\/h2>\n<p style=\"text-align: center;\">_____<\/p>\n<div class=\"section-review-metadata section-review-metadata-with-note\"><span class=\"section-review-stars\" role=\"img\" aria-label=\" 5\u00a0\u00e9toiles \"> <img decoding=\"async\" class=\"section-review-star section-review-star-active\" src=\"https:\/\/maps.gstatic.com\/consumer\/images\/icons\/2x\/ic_star_rate_14.png\" alt=\"\" \/><img decoding=\"async\" class=\"section-review-star section-review-star-active\" src=\"https:\/\/maps.gstatic.com\/consumer\/images\/icons\/2x\/ic_star_rate_14.png\" alt=\"\" \/><img decoding=\"async\" class=\"section-review-star section-review-star-active\" src=\"https:\/\/maps.gstatic.com\/consumer\/images\/icons\/2x\/ic_star_rate_14.png\" alt=\"\" \/><img decoding=\"async\" class=\"section-review-star section-review-star-active\" src=\"https:\/\/maps.gstatic.com\/consumer\/images\/icons\/2x\/ic_star_rate_14.png\" alt=\"\" \/><img decoding=\"async\" class=\"section-review-star section-review-star-active\" src=\"https:\/\/maps.gstatic.com\/consumer\/images\/icons\/2x\/ic_star_rate_14.png\" alt=\"\" \/>\u00a0<\/span><\/div>\n<div class=\"section-review-review-content\">\n<div class=\"\" dir=\"auto\">\n<div id=\"jsc_c_8y\" class=\"ecm0bbzt hv4rvrfc ihqw7lf3 dati1w0a\" data-ad-comet-preview=\"message\" data-ad-preview=\"message\">\n<div class=\"j83agx80 cbu4d94t ew0dbk1b irj2b8pg\">\n<div class=\"qzhwtbm6 knvmm38d\">\n<div class=\"kvgmc6g5 cxmmr5t8 oygrvhab hcukyx3x c1et5uql ii04i59q\">El Pilates ense\u00f1a a sostener el cuerpo, a solicitar los musculos profundos y, sin duda,<br \/>los estiramientos \u00fatiles para el esqueleto.<br \/>\u00a1Probarlo es adoptarlo !<\/div>\n<\/div>\n<\/div>\n<\/div>\n<\/div>\n<span class=\"section-review-text\"><span class=\"d2edcug0 hpfvmrgz qv66sw1b c1et5uql rrkovp55 a8c37x1j keod5gw0 nxhoafnm aigsh9s9 d3f4x2em fe6kdd0r mau55g9w c8b282yb iv3no6db jq4qci2q a3bd9o3v knj5qynh oo9gr5id\" dir=\"auto\"><span class=\"d2edcug0 hpfvmrgz qv66sw1b c1et5uql rrkovp55 jq4qci2q a3bd9o3v knj5qynh oo9gr5id hzawbc8m\"><br \/><\/span><\/span><\/span><\/div>    <\/div>\n<\/div>\n<!-- \/module text -->                    <\/div><!-- .tb-column-inner -->\n                            <\/div><!-- .module_column -->\n                        <div  data-lazy=\"1\" class=\"module_column tb-column col3-1 tb_4tjo504\">\n                                                        <div class=\"tb-column-inner tf_box tf_w\">\n                        <!-- module text -->\n<div  class=\"module module-text tb_13ss815  repeat \" data-lazy=\"1\">\n        <div  class=\"tb_text_wrap\">\n    <h2 style=\"text-align: center;\">Sissou<\/h2>\n<p style=\"text-align: center;\">_____<\/p>\n<div class=\"section-review-metadata section-review-metadata-with-note\"><span class=\"section-review-stars\" role=\"img\" aria-label=\" 5\u00a0\u00e9toiles \"> <img decoding=\"async\" class=\"section-review-star section-review-star-active\" src=\"https:\/\/maps.gstatic.com\/consumer\/images\/icons\/2x\/ic_star_rate_14.png\" alt=\"\" \/><img decoding=\"async\" class=\"section-review-star section-review-star-active\" src=\"https:\/\/maps.gstatic.com\/consumer\/images\/icons\/2x\/ic_star_rate_14.png\" alt=\"\" \/><img decoding=\"async\" class=\"section-review-star section-review-star-active\" src=\"https:\/\/maps.gstatic.com\/consumer\/images\/icons\/2x\/ic_star_rate_14.png\" alt=\"\" \/><img decoding=\"async\" class=\"section-review-star section-review-star-active\" src=\"https:\/\/maps.gstatic.com\/consumer\/images\/icons\/2x\/ic_star_rate_14.png\" alt=\"\" \/><img decoding=\"async\" class=\"section-review-star section-review-star-active\" src=\"https:\/\/maps.gstatic.com\/consumer\/images\/icons\/2x\/ic_star_rate_14.png\" alt=\"\" \/>\u00a0<\/span><\/div>\n<div class=\"section-review-review-content\"><span class=\"section-review-text\">Deportista de toda la vida, a los 40 a\u00f1os deseaba mejorar mi postura y mi flexibilidad. Entonces comenc\u00e9 el Pilates<br \/>recomendado por un alumno del centro. Lejos de las ideas preconcebidas, he descubierto una disciplina que evoluciona<br \/>conforme se va haciendo m\u00e1s dif\u00edcil, lo que es apreciable para un deportista como yo, al que le gustan los retos. Pero,<br \/>m\u00e1s all\u00e1 de lo que yo quer\u00eda, trabajo los musculos profundos y, conforme las clases van avanzando, m\u00e1s denso va<br \/>siendo el trabajo. La multitud de ejercicios y de maquinas que hay hacen que no caigas en la rutina y mis dos clases por<br \/>semana son siempre diferentes. El equipo del estudio es lo m\u00e1s, el sitio es agradable e intimista, lejos de los gimnasios<br \/>impersonales. La sauna despu\u00e9s de la clase&#8230; \u00a1es un plus muy agradable&#8230; ! Lo recomiendo<\/span><\/div>    <\/div>\n<\/div>\n<!-- \/module text -->                    <\/div><!-- .tb-column-inner -->\n                            <\/div><!-- .module_column -->\n                        <div  data-lazy=\"1\" class=\"module_column tb-column col3-1 tb_oaxb505 last\">\n                                                        <div class=\"tb-column-inner tf_box tf_w\">\n                        <!-- module text -->\n<div  class=\"module module-text tb_324e815  repeat \" data-lazy=\"1\">\n        <div  class=\"tb_text_wrap\">\n    <h2 style=\"text-align: center;\">Pierre Lemaire<\/h2>\n<p style=\"text-align: center;\">_____<\/p>\n<div class=\"section-review-metadata section-review-metadata-with-note\"><span class=\"section-review-stars\" role=\"img\" aria-label=\" 5\u00a0\u00e9toiles \"> <img decoding=\"async\" class=\"section-review-star section-review-star-active\" src=\"https:\/\/maps.gstatic.com\/consumer\/images\/icons\/2x\/ic_star_rate_14.png\" alt=\"\" \/><img decoding=\"async\" class=\"section-review-star section-review-star-active\" src=\"https:\/\/maps.gstatic.com\/consumer\/images\/icons\/2x\/ic_star_rate_14.png\" alt=\"\" \/><img decoding=\"async\" class=\"section-review-star section-review-star-active\" src=\"https:\/\/maps.gstatic.com\/consumer\/images\/icons\/2x\/ic_star_rate_14.png\" alt=\"\" \/><img decoding=\"async\" class=\"section-review-star section-review-star-active\" src=\"https:\/\/maps.gstatic.com\/consumer\/images\/icons\/2x\/ic_star_rate_14.png\" alt=\"\" \/><img decoding=\"async\" class=\"section-review-star section-review-star-active\" src=\"https:\/\/maps.gstatic.com\/consumer\/images\/icons\/2x\/ic_star_rate_14.png\" alt=\"\" \/>\u00a0<\/span><\/div>\n<div class=\"section-review-review-content\"><span class=\"section-review-text\">Para poner en forma un cuerpo de unos cincuenta a\u00f1os, nada mejor que el Centro Pilates \u00ab The Art of Control \u00bb. Hace<br \/>ya dos a\u00f1os que praticamos, siempre con buen humor y con un coaching profesional del m\u00e1s alto nivel. Besos a todo el<br \/>equipo.<\/span><\/div>    <\/div>\n<\/div>\n<!-- \/module text --><!-- module text -->\n<div  class=\"module module-text tb_xp6b817  repeat \" data-lazy=\"1\">\n        <div  class=\"tb_text_wrap\">\n    <h2 style=\"text-align: center;\">Janet Jaraczewski<\/h2>\n<p style=\"text-align: center;\">_____<\/p>\n<div class=\"section-review-metadata section-review-metadata-with-note\"><span class=\"section-review-stars\" role=\"img\" aria-label=\" 5\u00a0\u00e9toiles \"> <img decoding=\"async\" class=\"section-review-star section-review-star-active\" src=\"https:\/\/maps.gstatic.com\/consumer\/images\/icons\/2x\/ic_star_rate_14.png\" alt=\"\" \/><img decoding=\"async\" class=\"section-review-star section-review-star-active\" src=\"https:\/\/maps.gstatic.com\/consumer\/images\/icons\/2x\/ic_star_rate_14.png\" alt=\"\" \/><img decoding=\"async\" class=\"section-review-star section-review-star-active\" src=\"https:\/\/maps.gstatic.com\/consumer\/images\/icons\/2x\/ic_star_rate_14.png\" alt=\"\" \/><img decoding=\"async\" class=\"section-review-star section-review-star-active\" src=\"https:\/\/maps.gstatic.com\/consumer\/images\/icons\/2x\/ic_star_rate_14.png\" alt=\"\" \/><img decoding=\"async\" class=\"section-review-star section-review-star-active\" src=\"https:\/\/maps.gstatic.com\/consumer\/images\/icons\/2x\/ic_star_rate_14.png\" alt=\"\" \/>\u00a0<\/span><\/div>\n<div class=\"section-review-review-content\"><span class=\"section-review-text\"><span class=\"d2edcug0 hpfvmrgz qv66sw1b c1et5uql rrkovp55 a8c37x1j keod5gw0 nxhoafnm aigsh9s9 d3f4x2em fe6kdd0r mau55g9w c8b282yb iv3no6db jq4qci2q a3bd9o3v knj5qynh oo9gr5id\" dir=\"auto\"><span class=\"d2edcug0 hpfvmrgz qv66sw1b c1et5uql rrkovp55 jq4qci2q a3bd9o3v knj5qynh oo9gr5id hzawbc8m\">Super estudio, limpio y bien pensado. Peggy es una profesora maravillosa&#8230;, que se esfuerza porque est\u00e9s sano y<br \/>feliz&#8230;, una excelente experiencia.<\/span><\/span><\/span><\/div>    <\/div>\n<\/div>\n<!-- \/module text -->                    <\/div><!-- .tb-column-inner -->\n                            <\/div><!-- .module_column -->\n            \t    <\/div><!-- .row_inner -->\n\t<\/div><!-- .module_row -->\n\t<\/div>\n<!--\/themify_builder_content-->","protected":false},"excerpt":{"rendered":"<p>Cabinet Chiropratique Axelle Foucaud _____ \u00a0 \u00a1Menudo equipo ! El pilates ha cambiado mi visi\u00f3n del cuerpo y del deporte. Much\u00edsimas gracias a todo el equipo por elprofesionalismo, su eficiencia y su buen humor. \u00a1Viva el centro \u00ab Art of Control \u00bb ! Como quiropr\u00e1ctico, recomiendo al100% el Pilates&#8230;,\u00a1 pero no cualquiera1 Peggy y todo [&hellip;]<\/p>\n","protected":false},"author":12,"featured_media":0,"parent":0,"menu_order":0,"comment_status":"closed","ping_status":"closed","template":"","meta":[],"yoast_head":"<!-- This site is optimized with the Yoast SEO plugin v20.10 - https:\/\/yoast.com\/wordpress\/plugins\/seo\/ -->\n<title>Opiniones - THE ART OF CONTROL<\/title>\n<meta name=\"robots\" content=\"index, follow, max-snippet:-1, max-image-preview:large, max-video-preview:-1\" \/>\n<link rel=\"canonical\" href=\"https:\/\/www.theartofcontrol.fr\/es\/opiniones\/\" \/>\n<meta property=\"og:locale\" content=\"es_ES\" \/>\n<meta property=\"og:type\" content=\"article\" \/>\n<meta property=\"og:title\" content=\"Opiniones - THE ART OF CONTROL\" \/>\n<meta property=\"og:description\" content=\"Cabinet Chiropratique Axelle Foucaud _____ \u00a0 \u00a1Menudo equipo ! El pilates ha cambiado mi visi\u00f3n del cuerpo y del deporte. Much\u00edsimas gracias a todo el equipo por elprofesionalismo, su eficiencia y su buen humor. \u00a1Viva el centro \u00ab Art of Control \u00bb ! Como quiropr\u00e1ctico, recomiendo al100% el Pilates...,\u00a1 pero no cualquiera1 Peggy y todo [&hellip;]\" \/>\n<meta property=\"og:url\" content=\"https:\/\/www.theartofcontrol.fr\/es\/opiniones\/\" \/>\n<meta property=\"og:site_name\" content=\"THE ART OF CONTROL\" \/>\n<meta property=\"article:publisher\" content=\"https:\/\/www.facebook.com\/lechommerces.fr\/\" \/>\n<meta property=\"article:modified_time\" content=\"2023-07-18T13:48:58+00:00\" \/>\n<meta name=\"twitter:card\" content=\"summary_large_image\" \/>\n<script type=\"application\/ld+json\" class=\"yoast-schema-graph\">{\"@context\":\"https:\/\/schema.org\",\"@graph\":[{\"@type\":\"WebPage\",\"@id\":\"https:\/\/www.theartofcontrol.fr\/es\/opiniones\/\",\"url\":\"https:\/\/www.theartofcontrol.fr\/es\/opiniones\/\",\"name\":\"Opiniones - THE ART OF CONTROL\",\"isPartOf\":{\"@id\":\"https:\/\/www.theartofcontrol.fr\/#website\"},\"datePublished\":\"2020-11-08T09:29:58+00:00\",\"dateModified\":\"2023-07-18T13:48:58+00:00\",\"breadcrumb\":{\"@id\":\"https:\/\/www.theartofcontrol.fr\/es\/opiniones\/#breadcrumb\"},\"inLanguage\":\"es\",\"potentialAction\":[{\"@type\":\"ReadAction\",\"target\":[\"https:\/\/www.theartofcontrol.fr\/es\/opiniones\/\"]}]},{\"@type\":\"BreadcrumbList\",\"@id\":\"https:\/\/www.theartofcontrol.fr\/es\/opiniones\/#breadcrumb\",\"itemListElement\":[{\"@type\":\"ListItem\",\"position\":1,\"name\":\"Accueil\",\"item\":\"https:\/\/www.theartofcontrol.fr\/es\/\"},{\"@type\":\"ListItem\",\"position\":2,\"name\":\"Opiniones\"}]},{\"@type\":\"WebSite\",\"@id\":\"https:\/\/www.theartofcontrol.fr\/#website\",\"url\":\"https:\/\/www.theartofcontrol.fr\/\",\"name\":\"THE ART OF CONTROL\",\"description\":\"\",\"potentialAction\":[{\"@type\":\"SearchAction\",\"target\":{\"@type\":\"EntryPoint\",\"urlTemplate\":\"https:\/\/www.theartofcontrol.fr\/?s={search_term_string}\"},\"query-input\":\"required name=search_term_string\"}],\"inLanguage\":\"es\"}]}<\/script>\n<!-- \/ Yoast SEO plugin. -->","yoast_head_json":{"title":"Opiniones - THE ART OF CONTROL","robots":{"index":"index","follow":"follow","max-snippet":"max-snippet:-1","max-image-preview":"max-image-preview:large","max-video-preview":"max-video-preview:-1"},"canonical":"https:\/\/www.theartofcontrol.fr\/es\/opiniones\/","og_locale":"es_ES","og_type":"article","og_title":"Opiniones - THE ART OF CONTROL","og_description":"Cabinet Chiropratique Axelle Foucaud _____ \u00a0 \u00a1Menudo equipo ! El pilates ha cambiado mi visi\u00f3n del cuerpo y del deporte. Much\u00edsimas gracias a todo el equipo por elprofesionalismo, su eficiencia y su buen humor. \u00a1Viva el centro \u00ab Art of Control \u00bb ! Como quiropr\u00e1ctico, recomiendo al100% el Pilates...,\u00a1 pero no cualquiera1 Peggy y todo [&hellip;]","og_url":"https:\/\/www.theartofcontrol.fr\/es\/opiniones\/","og_site_name":"THE ART OF CONTROL","article_publisher":"https:\/\/www.facebook.com\/lechommerces.fr\/","article_modified_time":"2023-07-18T13:48:58+00:00","twitter_card":"summary_large_image","schema":{"@context":"https:\/\/schema.org","@graph":[{"@type":"WebPage","@id":"https:\/\/www.theartofcontrol.fr\/es\/opiniones\/","url":"https:\/\/www.theartofcontrol.fr\/es\/opiniones\/","name":"Opiniones - THE ART OF CONTROL","isPartOf":{"@id":"https:\/\/www.theartofcontrol.fr\/#website"},"datePublished":"2020-11-08T09:29:58+00:00","dateModified":"2023-07-18T13:48:58+00:00","breadcrumb":{"@id":"https:\/\/www.theartofcontrol.fr\/es\/opiniones\/#breadcrumb"},"inLanguage":"es","potentialAction":[{"@type":"ReadAction","target":["https:\/\/www.theartofcontrol.fr\/es\/opiniones\/"]}]},{"@type":"BreadcrumbList","@id":"https:\/\/www.theartofcontrol.fr\/es\/opiniones\/#breadcrumb","itemListElement":[{"@type":"ListItem","position":1,"name":"Accueil","item":"https:\/\/www.theartofcontrol.fr\/es\/"},{"@type":"ListItem","position":2,"name":"Opiniones"}]},{"@type":"WebSite","@id":"https:\/\/www.theartofcontrol.fr\/#website","url":"https:\/\/www.theartofcontrol.fr\/","name":"THE ART OF CONTROL","description":"","potentialAction":[{"@type":"SearchAction","target":{"@type":"EntryPoint","urlTemplate":"https:\/\/www.theartofcontrol.fr\/?s={search_term_string}"},"query-input":"required name=search_term_string"}],"inLanguage":"es"}]}},"builder_content":"<h2 style=\"text-align: center;\">Cabinet Chiropratique Axelle Foucaud<\/h2> <p style=\"text-align: center;\">_____<\/p> <img decoding=\"async\" src=\"https:\/\/maps.gstatic.com\/consumer\/images\/icons\/2x\/ic_star_rate_14.png\" alt=\"\" \/><img decoding=\"async\" src=\"https:\/\/maps.gstatic.com\/consumer\/images\/icons\/2x\/ic_star_rate_14.png\" alt=\"\" \/><img decoding=\"async\" src=\"https:\/\/maps.gstatic.com\/consumer\/images\/icons\/2x\/ic_star_rate_14.png\" alt=\"\" \/><img decoding=\"async\" src=\"https:\/\/maps.gstatic.com\/consumer\/images\/icons\/2x\/ic_star_rate_14.png\" alt=\"\" \/><img decoding=\"async\" src=\"https:\/\/maps.gstatic.com\/consumer\/images\/icons\/2x\/ic_star_rate_14.png\" alt=\"\" \/>\u00a0 \u00a1Menudo equipo ! El pilates ha cambiado mi visi\u00f3n del cuerpo y del deporte. Much\u00edsimas gracias a todo el equipo por el<br \/>profesionalismo, su eficiencia y su buen humor. \u00a1Viva el centro \u00ab Art of Control \u00bb ! Como quiropr\u00e1ctico, recomiendo al<br \/>100% el Pilates...,\u00a1 pero no cualquiera1 Peggy y todo su equipo te dan la bienvenida para transformar profundamente tu<br \/>cuerpo.\n<h2 style=\"text-align: center;\">Catherine Bernaz<\/h2> <p style=\"text-align: center;\">_____<\/p> <img decoding=\"async\" src=\"https:\/\/maps.gstatic.com\/consumer\/images\/icons\/2x\/ic_star_rate_14.png\" alt=\"\" \/><img decoding=\"async\" src=\"https:\/\/maps.gstatic.com\/consumer\/images\/icons\/2x\/ic_star_rate_14.png\" alt=\"\" \/><img decoding=\"async\" src=\"https:\/\/maps.gstatic.com\/consumer\/images\/icons\/2x\/ic_star_rate_14.png\" alt=\"\" \/><img decoding=\"async\" src=\"https:\/\/maps.gstatic.com\/consumer\/images\/icons\/2x\/ic_star_rate_14.png\" alt=\"\" \/><img decoding=\"async\" src=\"https:\/\/maps.gstatic.com\/consumer\/images\/icons\/2x\/ic_star_rate_14.png\" alt=\"\" \/>\u00a0\nEl Pilates ense\u00f1a a sostener el cuerpo, a solicitar los musculos profundos y, sin duda,<br \/>los estiramientos \u00fatiles para el esqueleto.<br \/>\u00a1Probarlo es adoptarlo !\n<br \/>\n<h2 style=\"text-align: center;\">Sissou<\/h2> <p style=\"text-align: center;\">_____<\/p> <img decoding=\"async\" src=\"https:\/\/maps.gstatic.com\/consumer\/images\/icons\/2x\/ic_star_rate_14.png\" alt=\"\" \/><img decoding=\"async\" src=\"https:\/\/maps.gstatic.com\/consumer\/images\/icons\/2x\/ic_star_rate_14.png\" alt=\"\" \/><img decoding=\"async\" src=\"https:\/\/maps.gstatic.com\/consumer\/images\/icons\/2x\/ic_star_rate_14.png\" alt=\"\" \/><img decoding=\"async\" src=\"https:\/\/maps.gstatic.com\/consumer\/images\/icons\/2x\/ic_star_rate_14.png\" alt=\"\" \/><img decoding=\"async\" src=\"https:\/\/maps.gstatic.com\/consumer\/images\/icons\/2x\/ic_star_rate_14.png\" alt=\"\" \/>\u00a0 Deportista de toda la vida, a los 40 a\u00f1os deseaba mejorar mi postura y mi flexibilidad. Entonces comenc\u00e9 el Pilates<br \/>recomendado por un alumno del centro. Lejos de las ideas preconcebidas, he descubierto una disciplina que evoluciona<br \/>conforme se va haciendo m\u00e1s dif\u00edcil, lo que es apreciable para un deportista como yo, al que le gustan los retos. Pero,<br \/>m\u00e1s all\u00e1 de lo que yo quer\u00eda, trabajo los musculos profundos y, conforme las clases van avanzando, m\u00e1s denso va<br \/>siendo el trabajo. La multitud de ejercicios y de maquinas que hay hacen que no caigas en la rutina y mis dos clases por<br \/>semana son siempre diferentes. El equipo del estudio es lo m\u00e1s, el sitio es agradable e intimista, lejos de los gimnasios<br \/>impersonales. La sauna despu\u00e9s de la clase... \u00a1es un plus muy agradable... ! Lo recomiendo\n<h2 style=\"text-align: center;\">Pierre Lemaire<\/h2> <p style=\"text-align: center;\">_____<\/p> <img decoding=\"async\" src=\"https:\/\/maps.gstatic.com\/consumer\/images\/icons\/2x\/ic_star_rate_14.png\" alt=\"\" \/><img decoding=\"async\" src=\"https:\/\/maps.gstatic.com\/consumer\/images\/icons\/2x\/ic_star_rate_14.png\" alt=\"\" \/><img decoding=\"async\" src=\"https:\/\/maps.gstatic.com\/consumer\/images\/icons\/2x\/ic_star_rate_14.png\" alt=\"\" \/><img decoding=\"async\" src=\"https:\/\/maps.gstatic.com\/consumer\/images\/icons\/2x\/ic_star_rate_14.png\" alt=\"\" \/><img decoding=\"async\" src=\"https:\/\/maps.gstatic.com\/consumer\/images\/icons\/2x\/ic_star_rate_14.png\" alt=\"\" \/>\u00a0 Para poner en forma un cuerpo de unos cincuenta a\u00f1os, nada mejor que el Centro Pilates \u00ab The Art of Control \u00bb. Hace<br \/>ya dos a\u00f1os que praticamos, siempre con buen humor y con un coaching profesional del m\u00e1s alto nivel. Besos a todo el<br \/>equipo.\n<h2 style=\"text-align: center;\">Janet Jaraczewski<\/h2> <p style=\"text-align: center;\">_____<\/p> <img decoding=\"async\" src=\"https:\/\/maps.gstatic.com\/consumer\/images\/icons\/2x\/ic_star_rate_14.png\" alt=\"\" \/><img decoding=\"async\" src=\"https:\/\/maps.gstatic.com\/consumer\/images\/icons\/2x\/ic_star_rate_14.png\" alt=\"\" \/><img decoding=\"async\" src=\"https:\/\/maps.gstatic.com\/consumer\/images\/icons\/2x\/ic_star_rate_14.png\" alt=\"\" \/><img decoding=\"async\" src=\"https:\/\/maps.gstatic.com\/consumer\/images\/icons\/2x\/ic_star_rate_14.png\" alt=\"\" \/><img decoding=\"async\" src=\"https:\/\/maps.gstatic.com\/consumer\/images\/icons\/2x\/ic_star_rate_14.png\" alt=\"\" \/>\u00a0 Super estudio, limpio y bien pensado. Peggy es una profesora maravillosa..., que se esfuerza porque est\u00e9s sano y<br \/>feliz..., una excelente experiencia.","_links":{"self":[{"href":"https:\/\/www.theartofcontrol.fr\/es\/wp-json\/wp\/v2\/pages\/16430"}],"collection":[{"href":"https:\/\/www.theartofcontrol.fr\/es\/wp-json\/wp\/v2\/pages"}],"about":[{"href":"https:\/\/www.theartofcontrol.fr\/es\/wp-json\/wp\/v2\/types\/page"}],"author":[{"embeddable":true,"href":"https:\/\/www.theartofcontrol.fr\/es\/wp-json\/wp\/v2\/users\/12"}],"replies":[{"embeddable":true,"href":"https:\/\/www.theartofcontrol.fr\/es\/wp-json\/wp\/v2\/comments?post=16430"}],"version-history":[{"count":4,"href":"https:\/\/www.theartofcontrol.fr\/es\/wp-json\/wp\/v2\/pages\/16430\/revisions"}],"predecessor-version":[{"id":16446,"href":"https:\/\/www.theartofcontrol.fr\/es\/wp-json\/wp\/v2\/pages\/16430\/revisions\/16446"}],"wp:attachment":[{"href":"https:\/\/www.theartofcontrol.fr\/es\/wp-json\/wp\/v2\/media?parent=16430"}],"curies":[{"name":"wp","href":"https:\/\/api.w.org\/{rel}","templated":true}]}}