{"id":16041,"date":"2022-09-22T09:08:22","date_gmt":"2022-09-22T09:08:22","guid":{"rendered":"https:\/\/www.theartofcontrol.fr\/?page_id=16041"},"modified":"2022-09-22T09:08:24","modified_gmt":"2022-09-22T09:08:24","slug":"joseph-pilates","status":"publish","type":"page","link":"https:\/\/www.theartofcontrol.fr\/it\/joseph-pilates\/","title":{"rendered":"Joseph Pilates"},"content":{"rendered":"<h2 class=\"wp-block-heading\">Biografia e un po\u2019 di storia !<\/h2>\n\n\n\n<p>Joseph Hubertus Pilates (1880-1967), l\u2019inventore de Metodo Pilates, \u00e8 un bambino debole , soffre di rachitismo, di asma e di reumatismi articolari. Per migliorare la sua salute, grazie ad una madre naturopata e ad un pap\u00e0 ginnasta, inizia a studiare l\u2019anatomia.<\/p>\n\n\n\n<p>Inizia a pensare che la salute fisica sia strettamente legata a quella mentale, a praticare e studiare discipline allora sottovalutate come lo yoga e le arti marziali ma anche la ginnastica e la boxe, incorporando inoltre antiche forme greche e romane di esercizio fisico. \u00c8 inoltre persuaso che lo stile di vita \u201cmoderno\u201d (cattiva postura, respirazione non corretta, esercizi che non tengono conto dei muscoli posturali\u2026) sia un elemento che influisce negativamente sulla salute.<\/p>\n\n\n\n<p>Nel 1912 Joseph si trasferisce in Inghilterra dove pratica la boxe a livello professionistico ed insegna l\u2019auto-difesa nelle scuole di polizia di Scotland Yard.<\/p>\n\n\n\n<p>Fatto prigioniero durante la guerra e rinchiuso in un campo d\u2019internamento, \u00e8 qui che sviluppa il concetto dei suoi \u201cmacchinari\u201d, intuendo l\u2019efficacia che questi potrebbero avere.<\/p>\n\n\n\n<p>Nel 1926 parte per New York e fonda con sua moglie Clara il loro primo studio di Pilates, in cui insegna il suo metodo di esercizio fisico a cui d\u00e0 il nome di \u201cContrology\u201d<\/p>\n\n\n\n<p>Numerosi adepti iniziando a seguire questo metodo allora rivoluzionario, che si focalizza sulla respirazione durante l\u2019esercizio e sul legame tra la mente e il fisico durante la pratica. Gli sportivi diventano seguaci di Pilates e ci\u00f2 permette loro una rieducazione accelerata in seguito a lesioni e traumi, oltre che di rinforzare il proprio corpo.<br>Danzatori e coreografi leggendari, Martha Graham e George Balanchine, sono entrambi degli irriducibili del Pilates ed inviano regolarmente i loro allievi presso lo studio di \u201cZio Joe\u201d.<\/p>\n\n\n\n<p>Lo studio Pilates diventa cos\u00ec velocemente il posto pi\u00f9 alla moda di New York per rimettersi in forma e attira sportivi, celebrit\u00e0 e show-biz. Nel 1941 una ballerina ,Romana Krysanowska , si infortuna ad una caviglia e , seguendo il consiglio di George Balanchine, studia e pratica la sua riabilitazione con joseph Pilates. Impressionata dai risultati ottenuti, decide di proseguire i suoi studi avec Joseph Pilates e rester\u00e0 al suo fianco fino alla morte di quest\u2019ultimo nel 1967.<\/p>\n\n\n\n<p><br>Pilates muore accidentalmente all\u2019et\u00e0 di 87 anni.<br>Romana, scelta personalmente da Joseph Pilates per proseguire i suoi insegnamenti e trasmettere il metodo, form\u00f2 decine di professori in tutto il mondo fino alla sua morte nel 2013.<br>Ad oggi, \u00e8 sua figlia Sari Mejia Santo, anche lei allieva di Joseph Pilates fin dalla sua giovane et\u00e0, che continua a promuovere il metodo autentico.<\/p>\n\n\n\n<p><strong><span style=\"text-decoration: underline;\">Professori certificati Romana\u2019s Pilates sono dunque la garanzia del metodo originale.<\/span><\/strong><\/p>\n\n<!--themify_builder_content-->\n<div id=\"themify_builder_content-16041\" data-postid=\"16041\" class=\"themify_builder_content themify_builder_content-16041 themify_builder tf_clear\">\n    <\/div>\n<!--\/themify_builder_content-->","protected":false},"excerpt":{"rendered":"<p>Biografia e un po\u2019 di storia ! Joseph Hubertus Pilates (1880-1967), l\u2019inventore de Metodo Pilates, \u00e8 un bambino debole , soffre di rachitismo, di asma e di reumatismi articolari. Per migliorare la sua salute, grazie ad una madre naturopata e ad un pap\u00e0 ginnasta, inizia a studiare l\u2019anatomia. Inizia a pensare che la salute fisica [&hellip;]<\/p>\n","protected":false},"author":12,"featured_media":0,"parent":0,"menu_order":0,"comment_status":"closed","ping_status":"closed","template":"","meta":[],"yoast_head":"<!-- This site is optimized with the Yoast SEO plugin v20.10 - https:\/\/yoast.com\/wordpress\/plugins\/seo\/ -->\n<title>Joseph Pilates - THE ART OF CONTROL<\/title>\n<meta name=\"robots\" content=\"index, follow, max-snippet:-1, max-image-preview:large, max-video-preview:-1\" \/>\n<link rel=\"canonical\" href=\"https:\/\/www.theartofcontrol.fr\/it\/joseph-pilates\/\" \/>\n<meta property=\"og:locale\" content=\"it_IT\" \/>\n<meta property=\"og:type\" content=\"article\" \/>\n<meta property=\"og:title\" content=\"Joseph Pilates - THE ART OF CONTROL\" \/>\n<meta property=\"og:description\" content=\"Biografia e un po\u2019 di storia ! Joseph Hubertus Pilates (1880-1967), l\u2019inventore de Metodo Pilates, \u00e8 un bambino debole , soffre di rachitismo, di asma e di reumatismi articolari. Per migliorare la sua salute, grazie ad una madre naturopata e ad un pap\u00e0 ginnasta, inizia a studiare l\u2019anatomia. Inizia a pensare che la salute fisica [&hellip;]\" \/>\n<meta property=\"og:url\" content=\"https:\/\/www.theartofcontrol.fr\/it\/joseph-pilates\/\" \/>\n<meta property=\"og:site_name\" content=\"THE ART OF CONTROL\" \/>\n<meta property=\"article:publisher\" content=\"https:\/\/www.facebook.com\/lechommerces.fr\/\" \/>\n<meta property=\"article:modified_time\" content=\"2022-09-22T09:08:24+00:00\" \/>\n<meta name=\"twitter:card\" content=\"summary_large_image\" \/>\n<meta name=\"twitter:label1\" content=\"Tempo di lettura stimato\" \/>\n\t<meta name=\"twitter:data1\" content=\"3 minuti\" \/>\n<script type=\"application\/ld+json\" class=\"yoast-schema-graph\">{\"@context\":\"https:\/\/schema.org\",\"@graph\":[{\"@type\":\"WebPage\",\"@id\":\"https:\/\/www.theartofcontrol.fr\/it\/joseph-pilates\/\",\"url\":\"https:\/\/www.theartofcontrol.fr\/it\/joseph-pilates\/\",\"name\":\"Joseph Pilates - THE ART OF CONTROL\",\"isPartOf\":{\"@id\":\"https:\/\/www.theartofcontrol.fr\/#website\"},\"datePublished\":\"2022-09-22T09:08:22+00:00\",\"dateModified\":\"2022-09-22T09:08:24+00:00\",\"breadcrumb\":{\"@id\":\"https:\/\/www.theartofcontrol.fr\/it\/joseph-pilates\/#breadcrumb\"},\"inLanguage\":\"it-IT\",\"potentialAction\":[{\"@type\":\"ReadAction\",\"target\":[\"https:\/\/www.theartofcontrol.fr\/it\/joseph-pilates\/\"]}]},{\"@type\":\"BreadcrumbList\",\"@id\":\"https:\/\/www.theartofcontrol.fr\/it\/joseph-pilates\/#breadcrumb\",\"itemListElement\":[{\"@type\":\"ListItem\",\"position\":1,\"name\":\"Accueil\",\"item\":\"https:\/\/www.theartofcontrol.fr\/it\/\"},{\"@type\":\"ListItem\",\"position\":2,\"name\":\"Joseph Pilates\"}]},{\"@type\":\"WebSite\",\"@id\":\"https:\/\/www.theartofcontrol.fr\/#website\",\"url\":\"https:\/\/www.theartofcontrol.fr\/\",\"name\":\"THE ART OF CONTROL\",\"description\":\"\",\"potentialAction\":[{\"@type\":\"SearchAction\",\"target\":{\"@type\":\"EntryPoint\",\"urlTemplate\":\"https:\/\/www.theartofcontrol.fr\/?s={search_term_string}\"},\"query-input\":\"required name=search_term_string\"}],\"inLanguage\":\"it-IT\"}]}<\/script>\n<!-- \/ Yoast SEO plugin. -->","yoast_head_json":{"title":"Joseph Pilates - THE ART OF CONTROL","robots":{"index":"index","follow":"follow","max-snippet":"max-snippet:-1","max-image-preview":"max-image-preview:large","max-video-preview":"max-video-preview:-1"},"canonical":"https:\/\/www.theartofcontrol.fr\/it\/joseph-pilates\/","og_locale":"it_IT","og_type":"article","og_title":"Joseph Pilates - THE ART OF CONTROL","og_description":"Biografia e un po\u2019 di storia ! Joseph Hubertus Pilates (1880-1967), l\u2019inventore de Metodo Pilates, \u00e8 un bambino debole , soffre di rachitismo, di asma e di reumatismi articolari. Per migliorare la sua salute, grazie ad una madre naturopata e ad un pap\u00e0 ginnasta, inizia a studiare l\u2019anatomia. Inizia a pensare che la salute fisica [&hellip;]","og_url":"https:\/\/www.theartofcontrol.fr\/it\/joseph-pilates\/","og_site_name":"THE ART OF CONTROL","article_publisher":"https:\/\/www.facebook.com\/lechommerces.fr\/","article_modified_time":"2022-09-22T09:08:24+00:00","twitter_card":"summary_large_image","twitter_misc":{"Tempo di lettura stimato":"3 minuti"},"schema":{"@context":"https:\/\/schema.org","@graph":[{"@type":"WebPage","@id":"https:\/\/www.theartofcontrol.fr\/it\/joseph-pilates\/","url":"https:\/\/www.theartofcontrol.fr\/it\/joseph-pilates\/","name":"Joseph Pilates - THE ART OF CONTROL","isPartOf":{"@id":"https:\/\/www.theartofcontrol.fr\/#website"},"datePublished":"2022-09-22T09:08:22+00:00","dateModified":"2022-09-22T09:08:24+00:00","breadcrumb":{"@id":"https:\/\/www.theartofcontrol.fr\/it\/joseph-pilates\/#breadcrumb"},"inLanguage":"it-IT","potentialAction":[{"@type":"ReadAction","target":["https:\/\/www.theartofcontrol.fr\/it\/joseph-pilates\/"]}]},{"@type":"BreadcrumbList","@id":"https:\/\/www.theartofcontrol.fr\/it\/joseph-pilates\/#breadcrumb","itemListElement":[{"@type":"ListItem","position":1,"name":"Accueil","item":"https:\/\/www.theartofcontrol.fr\/it\/"},{"@type":"ListItem","position":2,"name":"Joseph Pilates"}]},{"@type":"WebSite","@id":"https:\/\/www.theartofcontrol.fr\/#website","url":"https:\/\/www.theartofcontrol.fr\/","name":"THE ART OF CONTROL","description":"","potentialAction":[{"@type":"SearchAction","target":{"@type":"EntryPoint","urlTemplate":"https:\/\/www.theartofcontrol.fr\/?s={search_term_string}"},"query-input":"required name=search_term_string"}],"inLanguage":"it-IT"}]}},"builder_content":"","_links":{"self":[{"href":"https:\/\/www.theartofcontrol.fr\/it\/wp-json\/wp\/v2\/pages\/16041"}],"collection":[{"href":"https:\/\/www.theartofcontrol.fr\/it\/wp-json\/wp\/v2\/pages"}],"about":[{"href":"https:\/\/www.theartofcontrol.fr\/it\/wp-json\/wp\/v2\/types\/page"}],"author":[{"embeddable":true,"href":"https:\/\/www.theartofcontrol.fr\/it\/wp-json\/wp\/v2\/users\/12"}],"replies":[{"embeddable":true,"href":"https:\/\/www.theartofcontrol.fr\/it\/wp-json\/wp\/v2\/comments?post=16041"}],"version-history":[{"count":2,"href":"https:\/\/www.theartofcontrol.fr\/it\/wp-json\/wp\/v2\/pages\/16041\/revisions"}],"predecessor-version":[{"id":16043,"href":"https:\/\/www.theartofcontrol.fr\/it\/wp-json\/wp\/v2\/pages\/16041\/revisions\/16043"}],"wp:attachment":[{"href":"https:\/\/www.theartofcontrol.fr\/it\/wp-json\/wp\/v2\/media?parent=16041"}],"curies":[{"name":"wp","href":"https:\/\/api.w.org\/{rel}","templated":true}]}}